{"id":9,"date":"2020-11-14T10:45:50","date_gmt":"2020-11-14T10:45:50","guid":{"rendered":"https:\/\/makerspace-reinach.ch\/?page_id=9"},"modified":"2025-10-11T12:30:39","modified_gmt":"2025-10-11T12:30:39","slug":"makerspace-reinach-kontakt","status":"publish","type":"page","link":"https:\/\/makerspace-reinach.ch\/index.php\/makerspace-reinach-kontakt\/","title":{"rendered":"Kontakt"},"content":{"rendered":"\n<p>Hast Du Interesse bei uns dabei zu sein. Melde dich<\/p>\n\n\n\n<p>Schau im Kalender wann das n\u00e4chste <a href=\"https:\/\/makerspace-reinach.ch\/index.php\/meetings\/\">Treffen <\/a>stattfindet und komme einfach an spontan in unserem <a href=\"https:\/\/makerspace-reinach.ch\/index.php\/lokal\/\">Lokal <\/a>auf einen Besuch vorbei. Meistens treffen wir am Mittwoch und Freitag Abend um 20h.<\/p>\n\n\n\n<p>Um \u00fcber unser n\u00e4chstes Repair Caf\u00e9 informiert zu sein meldest du dich am besten bei unserem <a href=\"https:\/\/makerspace-reinach.ch\/index.php\/newsletter\/\">Newsletter <\/a>an.<\/p>\n\n\n\n<p>M\u00f6chtest Du uns finanziell unterst\u00fctzen, dann findest Du hier die Infos: <a href=\"https:\/\/makerspace-reinach.ch\/index.php\/mithilfe-spenden\/\">Spenden<\/a><\/p>\n\n\n\n<p>Schau dir die letzten News von unserem <a href=\"https:\/\/makerspace-reinach.ch\/index.php\/category\/lokal\/\">Lokal <\/a>an.<\/p>\n\n\n<div class=\"wp-block-image is-style-default\">\n<figure class=\"alignleft size-large is-resized\"><img loading=\"lazy\" decoding=\"async\" width=\"1024\" height=\"768\" src=\"https:\/\/makerspace-reinach.ch\/wp-content\/uploads\/2023\/12\/20231129_200450_1-1024x768.jpg\" alt=\"\" class=\"wp-image-1299\" style=\"aspect-ratio:4\/3;object-fit:cover;width:303px;height:auto\" srcset=\"https:\/\/makerspace-reinach.ch\/wp-content\/uploads\/2023\/12\/20231129_200450_1-1024x768.jpg 1024w, https:\/\/makerspace-reinach.ch\/wp-content\/uploads\/2023\/12\/20231129_200450_1-300x225.jpg 300w, https:\/\/makerspace-reinach.ch\/wp-content\/uploads\/2023\/12\/20231129_200450_1-768x576.jpg 768w, https:\/\/makerspace-reinach.ch\/wp-content\/uploads\/2023\/12\/20231129_200450_1.jpg 1200w\" sizes=\"auto, (max-width: 1024px) 100vw, 1024px\" \/><\/figure>\n<\/div>\n\n\n<p>Du kannst dich auch in dieser Meetup Gruppe anmelden, hier werden alle Veranstaltungen publiziert:<\/p>\n\n\n\n<p><a href=\"https:\/\/www.meetup.com\/makerspace-in-reinach-bl\/\">https:\/\/www.meetup.com\/makerspace-in-reinach-bl\/<\/a><\/p>\n\n\n\n<p>Alternativ kannst Du uns auch Deine Kontaktdaten senden. Wir werden dann mit dir Kontakt aufnehmen.<\/p>\n\n\n\n<div class=\"wp-block-contact-form-7-contact-form-selector\">\n<div class=\"wpcf7 no-js\" id=\"wpcf7-f4-o1\" lang=\"de-DE\" dir=\"ltr\" data-wpcf7-id=\"4\">\n<div class=\"screen-reader-response\"><p role=\"status\" aria-live=\"polite\" aria-atomic=\"true\"><\/p> <ul><\/ul><\/div>\n<form action=\"\/index.php\/wp-json\/wp\/v2\/pages\/9#wpcf7-f4-o1\" method=\"post\" class=\"wpcf7-form init\" aria-label=\"Kontaktformular\" novalidate=\"novalidate\" data-status=\"init\">\n<fieldset class=\"hidden-fields-container\"><input type=\"hidden\" name=\"_wpcf7\" value=\"4\" \/><input type=\"hidden\" name=\"_wpcf7_version\" value=\"6.1.5\" \/><input type=\"hidden\" name=\"_wpcf7_locale\" value=\"de_DE\" \/><input type=\"hidden\" name=\"_wpcf7_unit_tag\" value=\"wpcf7-f4-o1\" \/><input type=\"hidden\" name=\"_wpcf7_container_post\" value=\"0\" \/><input type=\"hidden\" name=\"_wpcf7_posted_data_hash\" value=\"\" \/>\n<\/fieldset>\n<p><label> Name<br \/>\n<span class=\"wpcf7-form-control-wrap\" data-name=\"your-name\"><input size=\"40\" maxlength=\"400\" class=\"wpcf7-form-control wpcf7-text wpcf7-validates-as-required\" aria-required=\"true\" aria-invalid=\"false\" value=\"\" type=\"text\" name=\"your-name\" \/><\/span> <\/label>\n<\/p>\n<p><label>E-Mail<br \/>\n<span class=\"wpcf7-form-control-wrap\" data-name=\"your-email\"><input size=\"40\" maxlength=\"400\" class=\"wpcf7-form-control wpcf7-email wpcf7-validates-as-required wpcf7-text wpcf7-validates-as-email\" aria-required=\"true\" aria-invalid=\"false\" value=\"\" type=\"email\" name=\"your-email\" \/><\/span> <\/label>\n<\/p>\n<p><label> Nachricht (Optional)<br \/>\n<span class=\"wpcf7-form-control-wrap\" data-name=\"your-message\"><textarea cols=\"40\" rows=\"10\" maxlength=\"2000\" class=\"wpcf7-form-control wpcf7-textarea\" aria-invalid=\"false\" name=\"your-message\"><\/textarea><\/span> <\/label>\n<\/p>\n<p><span class=\"wpcf7-form-control-wrap\" data-name=\"quiz-660\"><label><span class=\"wpcf7-quiz-label\">Wieviel ist 11-3?<\/span> <input size=\"40\" class=\"wpcf7-form-control wpcf7-quiz\" autocomplete=\"off\" aria-required=\"true\" aria-invalid=\"false\" type=\"text\" name=\"quiz-660\" \/><\/label><input type=\"hidden\" name=\"_wpcf7_quiz_answer_quiz-660\" value=\"355ca34803c530861fddfffeb28a8f03\" \/><\/span>\n<\/p>\n<p><input class=\"wpcf7-form-control wpcf7-submit has-spinner\" type=\"submit\" value=\"Abschicken\" \/>\n<\/p><input type=\"hidden\" id=\"ct_checkjs_cf7_a684eceee76fc522773286a895bc8436\" name=\"ct_checkjs_cf7\" value=\"0\" \/><script >setTimeout(function(){var ct_input_name = \"ct_checkjs_cf7_a684eceee76fc522773286a895bc8436\";if (document.getElementById(ct_input_name) !== null) {var ct_input_value = document.getElementById(ct_input_name).value;document.getElementById(ct_input_name).value = document.getElementById(ct_input_name).value.replace(ct_input_value, '6344a46cbd12f4946b92bec0ae54856cd4d87a199f09b22ed11362c3438d3477');}}, 1000);<\/script><input\n                    class=\"apbct_special_field apbct_email_id__wp_contact_form_7\"\n                    name=\"apbct__email_id__wp_contact_form_7\"\n                    aria-label=\"apbct__label_id__wp_contact_form_7\"\n                    type=\"text\" size=\"30\" maxlength=\"200\" autocomplete=\"off\"\n                    value=\"\"\n                \/><div class=\"wpcf7-response-output\" aria-hidden=\"true\"><\/div>\n<\/form>\n<\/div>\n<\/div>\n\n\n\n<p>Bei folgende Kan\u00e4le findest du uns:<\/p>\n\n\n\n<p><a href=\"https:\/\/twitter.com\/MakerspaceRein1\">Twitter<\/a><\/p>\n\n\n\n<p><a href=\"https:\/\/www.instagram.com\/makerspacereinach\/\">Instagram<\/a><\/p>\n\n\n\n<p><\/p>\n","protected":false},"excerpt":{"rendered":"<p>Hast Du Interesse bei uns dabei zu sein. Melde dich Schau im Kalender wann das n\u00e4chste Treffen stattfindet und komme einfach an spontan in unserem Lokal auf einen Besuch vorbei. Meistens treffen wir am Mittwoch und Freitag Abend um 20h. Um \u00fcber unser n\u00e4chstes Repair Caf\u00e9 informiert zu sein meldest du dich am besten bei [&hellip;]<\/p>\n","protected":false},"author":1,"featured_media":0,"parent":0,"menu_order":0,"comment_status":"closed","ping_status":"closed","template":"","meta":{"footnotes":""},"class_list":["post-9","page","type-page","status-publish","hentry"],"yoast_head":"<!-- This site is optimized with the Yoast SEO plugin v27.4 - https:\/\/yoast.com\/product\/yoast-seo-wordpress\/ -->\n<title>Kontakt - Makerspace Reinach BL<\/title>\n<meta name=\"description\" content=\"Makerspace Reinach Kontakt aufnehmen. Direkt auf der Webseite oder per Meetup.\" \/>\n<meta name=\"robots\" content=\"index, follow, max-snippet:-1, max-image-preview:large, max-video-preview:-1\" \/>\n<link rel=\"canonical\" href=\"https:\/\/makerspace-reinach.ch\/index.php\/makerspace-reinach-kontakt\/\" \/>\n<meta property=\"og:locale\" content=\"de_DE\" \/>\n<meta property=\"og:type\" content=\"article\" \/>\n<meta property=\"og:title\" content=\"Kontakt - Makerspace Reinach BL\" \/>\n<meta property=\"og:description\" content=\"Makerspace Reinach Kontakt aufnehmen. Direkt auf der Webseite oder per Meetup.\" \/>\n<meta property=\"og:url\" content=\"https:\/\/makerspace-reinach.ch\/index.php\/makerspace-reinach-kontakt\/\" \/>\n<meta property=\"og:site_name\" content=\"Makerspace Reinach BL\" \/>\n<meta property=\"article:modified_time\" content=\"2025-10-11T12:30:39+00:00\" \/>\n<meta property=\"og:image\" content=\"https:\/\/makerspace-reinach.ch\/wp-content\/uploads\/2023\/12\/20231129_200450_1.jpg\" \/>\n\t<meta property=\"og:image:width\" content=\"1200\" \/>\n\t<meta property=\"og:image:height\" content=\"900\" \/>\n\t<meta property=\"og:image:type\" content=\"image\/jpeg\" \/>\n<meta name=\"twitter:card\" content=\"summary_large_image\" \/>\n<meta name=\"twitter:site\" content=\"@MakerspaceRein1\" \/>\n<meta name=\"twitter:label1\" content=\"Gesch\u00e4tzte Lesezeit\" \/>\n\t<meta name=\"twitter:data1\" content=\"1\u00a0Minute\" \/>\n<script type=\"application\/ld+json\" class=\"yoast-schema-graph\">{\"@context\":\"https:\\\/\\\/schema.org\",\"@graph\":[{\"@type\":\"WebPage\",\"@id\":\"https:\\\/\\\/makerspace-reinach.ch\\\/index.php\\\/makerspace-reinach-kontakt\\\/\",\"url\":\"https:\\\/\\\/makerspace-reinach.ch\\\/index.php\\\/makerspace-reinach-kontakt\\\/\",\"name\":\"Kontakt - Makerspace Reinach BL\",\"isPartOf\":{\"@id\":\"https:\\\/\\\/makerspace-reinach.ch\\\/#website\"},\"primaryImageOfPage\":{\"@id\":\"https:\\\/\\\/makerspace-reinach.ch\\\/index.php\\\/makerspace-reinach-kontakt\\\/#primaryimage\"},\"image\":{\"@id\":\"https:\\\/\\\/makerspace-reinach.ch\\\/index.php\\\/makerspace-reinach-kontakt\\\/#primaryimage\"},\"thumbnailUrl\":\"https:\\\/\\\/makerspace-reinach.ch\\\/wp-content\\\/uploads\\\/2023\\\/12\\\/20231129_200450_1-1024x768.jpg\",\"datePublished\":\"2020-11-14T10:45:50+00:00\",\"dateModified\":\"2025-10-11T12:30:39+00:00\",\"description\":\"Makerspace Reinach Kontakt aufnehmen. Direkt auf der Webseite oder per Meetup.\",\"breadcrumb\":{\"@id\":\"https:\\\/\\\/makerspace-reinach.ch\\\/index.php\\\/makerspace-reinach-kontakt\\\/#breadcrumb\"},\"inLanguage\":\"de\",\"potentialAction\":[{\"@type\":\"ReadAction\",\"target\":[\"https:\\\/\\\/makerspace-reinach.ch\\\/index.php\\\/makerspace-reinach-kontakt\\\/\"]}]},{\"@type\":\"ImageObject\",\"inLanguage\":\"de\",\"@id\":\"https:\\\/\\\/makerspace-reinach.ch\\\/index.php\\\/makerspace-reinach-kontakt\\\/#primaryimage\",\"url\":\"https:\\\/\\\/makerspace-reinach.ch\\\/wp-content\\\/uploads\\\/2023\\\/12\\\/20231129_200450_1.jpg\",\"contentUrl\":\"https:\\\/\\\/makerspace-reinach.ch\\\/wp-content\\\/uploads\\\/2023\\\/12\\\/20231129_200450_1.jpg\",\"width\":1200,\"height\":900},{\"@type\":\"BreadcrumbList\",\"@id\":\"https:\\\/\\\/makerspace-reinach.ch\\\/index.php\\\/makerspace-reinach-kontakt\\\/#breadcrumb\",\"itemListElement\":[{\"@type\":\"ListItem\",\"position\":1,\"name\":\"Home\",\"item\":\"https:\\\/\\\/makerspace-reinach.ch\\\/\"},{\"@type\":\"ListItem\",\"position\":2,\"name\":\"Kontakt\"}]},{\"@type\":\"WebSite\",\"@id\":\"https:\\\/\\\/makerspace-reinach.ch\\\/#website\",\"url\":\"https:\\\/\\\/makerspace-reinach.ch\\\/\",\"name\":\"Makerspace Reinach BL\",\"description\":\"\",\"publisher\":{\"@id\":\"https:\\\/\\\/makerspace-reinach.ch\\\/#organization\"},\"potentialAction\":[{\"@type\":\"SearchAction\",\"target\":{\"@type\":\"EntryPoint\",\"urlTemplate\":\"https:\\\/\\\/makerspace-reinach.ch\\\/?s={search_term_string}\"},\"query-input\":{\"@type\":\"PropertyValueSpecification\",\"valueRequired\":true,\"valueName\":\"search_term_string\"}}],\"inLanguage\":\"de\"},{\"@type\":\"Organization\",\"@id\":\"https:\\\/\\\/makerspace-reinach.ch\\\/#organization\",\"name\":\"Makerspace Reinach\",\"url\":\"https:\\\/\\\/makerspace-reinach.ch\\\/\",\"logo\":{\"@type\":\"ImageObject\",\"inLanguage\":\"de\",\"@id\":\"https:\\\/\\\/makerspace-reinach.ch\\\/#\\\/schema\\\/logo\\\/image\\\/\",\"url\":\"https:\\\/\\\/makerspace-reinach.ch\\\/wp-content\\\/uploads\\\/2020\\\/11\\\/makerspace_reinach_logo_kl.png\",\"contentUrl\":\"https:\\\/\\\/makerspace-reinach.ch\\\/wp-content\\\/uploads\\\/2020\\\/11\\\/makerspace_reinach_logo_kl.png\",\"width\":300,\"height\":300,\"caption\":\"Makerspace Reinach\"},\"image\":{\"@id\":\"https:\\\/\\\/makerspace-reinach.ch\\\/#\\\/schema\\\/logo\\\/image\\\/\"},\"sameAs\":[\"https:\\\/\\\/x.com\\\/MakerspaceRein1\"]}]}<\/script>\n<!-- \/ Yoast SEO plugin. -->","yoast_head_json":{"title":"Kontakt - Makerspace Reinach BL","description":"Makerspace Reinach Kontakt aufnehmen. Direkt auf der Webseite oder per Meetup.","robots":{"index":"index","follow":"follow","max-snippet":"max-snippet:-1","max-image-preview":"max-image-preview:large","max-video-preview":"max-video-preview:-1"},"canonical":"https:\/\/makerspace-reinach.ch\/index.php\/makerspace-reinach-kontakt\/","og_locale":"de_DE","og_type":"article","og_title":"Kontakt - Makerspace Reinach BL","og_description":"Makerspace Reinach Kontakt aufnehmen. Direkt auf der Webseite oder per Meetup.","og_url":"https:\/\/makerspace-reinach.ch\/index.php\/makerspace-reinach-kontakt\/","og_site_name":"Makerspace Reinach BL","article_modified_time":"2025-10-11T12:30:39+00:00","og_image":[{"width":1200,"height":900,"url":"https:\/\/makerspace-reinach.ch\/wp-content\/uploads\/2023\/12\/20231129_200450_1.jpg","type":"image\/jpeg"}],"twitter_card":"summary_large_image","twitter_site":"@MakerspaceRein1","twitter_misc":{"Gesch\u00e4tzte Lesezeit":"1\u00a0Minute"},"schema":{"@context":"https:\/\/schema.org","@graph":[{"@type":"WebPage","@id":"https:\/\/makerspace-reinach.ch\/index.php\/makerspace-reinach-kontakt\/","url":"https:\/\/makerspace-reinach.ch\/index.php\/makerspace-reinach-kontakt\/","name":"Kontakt - Makerspace Reinach BL","isPartOf":{"@id":"https:\/\/makerspace-reinach.ch\/#website"},"primaryImageOfPage":{"@id":"https:\/\/makerspace-reinach.ch\/index.php\/makerspace-reinach-kontakt\/#primaryimage"},"image":{"@id":"https:\/\/makerspace-reinach.ch\/index.php\/makerspace-reinach-kontakt\/#primaryimage"},"thumbnailUrl":"https:\/\/makerspace-reinach.ch\/wp-content\/uploads\/2023\/12\/20231129_200450_1-1024x768.jpg","datePublished":"2020-11-14T10:45:50+00:00","dateModified":"2025-10-11T12:30:39+00:00","description":"Makerspace Reinach Kontakt aufnehmen. Direkt auf der Webseite oder per Meetup.","breadcrumb":{"@id":"https:\/\/makerspace-reinach.ch\/index.php\/makerspace-reinach-kontakt\/#breadcrumb"},"inLanguage":"de","potentialAction":[{"@type":"ReadAction","target":["https:\/\/makerspace-reinach.ch\/index.php\/makerspace-reinach-kontakt\/"]}]},{"@type":"ImageObject","inLanguage":"de","@id":"https:\/\/makerspace-reinach.ch\/index.php\/makerspace-reinach-kontakt\/#primaryimage","url":"https:\/\/makerspace-reinach.ch\/wp-content\/uploads\/2023\/12\/20231129_200450_1.jpg","contentUrl":"https:\/\/makerspace-reinach.ch\/wp-content\/uploads\/2023\/12\/20231129_200450_1.jpg","width":1200,"height":900},{"@type":"BreadcrumbList","@id":"https:\/\/makerspace-reinach.ch\/index.php\/makerspace-reinach-kontakt\/#breadcrumb","itemListElement":[{"@type":"ListItem","position":1,"name":"Home","item":"https:\/\/makerspace-reinach.ch\/"},{"@type":"ListItem","position":2,"name":"Kontakt"}]},{"@type":"WebSite","@id":"https:\/\/makerspace-reinach.ch\/#website","url":"https:\/\/makerspace-reinach.ch\/","name":"Makerspace Reinach BL","description":"","publisher":{"@id":"https:\/\/makerspace-reinach.ch\/#organization"},"potentialAction":[{"@type":"SearchAction","target":{"@type":"EntryPoint","urlTemplate":"https:\/\/makerspace-reinach.ch\/?s={search_term_string}"},"query-input":{"@type":"PropertyValueSpecification","valueRequired":true,"valueName":"search_term_string"}}],"inLanguage":"de"},{"@type":"Organization","@id":"https:\/\/makerspace-reinach.ch\/#organization","name":"Makerspace Reinach","url":"https:\/\/makerspace-reinach.ch\/","logo":{"@type":"ImageObject","inLanguage":"de","@id":"https:\/\/makerspace-reinach.ch\/#\/schema\/logo\/image\/","url":"https:\/\/makerspace-reinach.ch\/wp-content\/uploads\/2020\/11\/makerspace_reinach_logo_kl.png","contentUrl":"https:\/\/makerspace-reinach.ch\/wp-content\/uploads\/2020\/11\/makerspace_reinach_logo_kl.png","width":300,"height":300,"caption":"Makerspace Reinach"},"image":{"@id":"https:\/\/makerspace-reinach.ch\/#\/schema\/logo\/image\/"},"sameAs":["https:\/\/x.com\/MakerspaceRein1"]}]}},"_links":{"self":[{"href":"https:\/\/makerspace-reinach.ch\/index.php\/wp-json\/wp\/v2\/pages\/9","targetHints":{"allow":["GET"]}}],"collection":[{"href":"https:\/\/makerspace-reinach.ch\/index.php\/wp-json\/wp\/v2\/pages"}],"about":[{"href":"https:\/\/makerspace-reinach.ch\/index.php\/wp-json\/wp\/v2\/types\/page"}],"author":[{"embeddable":true,"href":"https:\/\/makerspace-reinach.ch\/index.php\/wp-json\/wp\/v2\/users\/1"}],"replies":[{"embeddable":true,"href":"https:\/\/makerspace-reinach.ch\/index.php\/wp-json\/wp\/v2\/comments?post=9"}],"version-history":[{"count":21,"href":"https:\/\/makerspace-reinach.ch\/index.php\/wp-json\/wp\/v2\/pages\/9\/revisions"}],"predecessor-version":[{"id":2015,"href":"https:\/\/makerspace-reinach.ch\/index.php\/wp-json\/wp\/v2\/pages\/9\/revisions\/2015"}],"wp:attachment":[{"href":"https:\/\/makerspace-reinach.ch\/index.php\/wp-json\/wp\/v2\/media?parent=9"}],"curies":[{"name":"wp","href":"https:\/\/api.w.org\/{rel}","templated":true}]}}