{"id":886,"date":"2022-10-28T20:22:23","date_gmt":"2022-10-28T20:22:23","guid":{"rendered":"https:\/\/makerspace-reinach.ch\/?page_id=886"},"modified":"2025-02-21T13:26:20","modified_gmt":"2025-02-21T13:26:20","slug":"lokal-verkehr-parkmoeglichkeiten","status":"publish","type":"page","link":"https:\/\/makerspace-reinach.ch\/index.php\/lokal-verkehr-parkmoeglichkeiten\/","title":{"rendered":"Lokal \/ Verkehr Parkm\u00f6glichkeiten"},"content":{"rendered":"\n<p>Das Lokal ist sehr gut mit dem \u00d6ffentlichen Verkehr erreichbar, f\u00fcr das Auto hat es in der N\u00e4he Parkpl\u00e4tze welche am Abend meistens frei sind.<\/p>\n\n\n\n<p>Die meisten Parkpl\u00e4tze beim Lokal sind in der blauen Zone. Bitte beachtet jedoch dass die weissen Parkpl\u00e4tze in Reinach nicht kostenlos nutzbar. <a href=\"https:\/\/www.reinach-bl.ch\/de\/aktuell\/news\/meldungen-projekte\/mobilitaet\/Parkraumbewirtschaftung.php\">Weitere Informationen hier.<\/a><\/p>\n\n\n\n<p><strong>Anreise mit dem \u00d6V<\/strong><\/p>\n\n\n\n<p>Mit dem Tram bei der Station Reinach Dorf aussteigen. (Karte Punkt 1)<\/p>\n\n\n\n<p>Der Bus h\u00e4lt auch bei der Station Reinach Dorf.<br>(Karte Punk 2)<\/p>\n\n\n\n<figure class=\"wp-block-image size-large\"><img loading=\"lazy\" decoding=\"async\" width=\"1024\" height=\"987\" src=\"https:\/\/makerspace-reinach.ch\/wp-content\/uploads\/2022\/10\/Leimgruberhaus_OeV-1024x987.png\" alt=\"\" class=\"wp-image-887\" srcset=\"https:\/\/makerspace-reinach.ch\/wp-content\/uploads\/2022\/10\/Leimgruberhaus_OeV-1024x987.png 1024w, https:\/\/makerspace-reinach.ch\/wp-content\/uploads\/2022\/10\/Leimgruberhaus_OeV-300x289.png 300w, https:\/\/makerspace-reinach.ch\/wp-content\/uploads\/2022\/10\/Leimgruberhaus_OeV-768x740.png 768w, https:\/\/makerspace-reinach.ch\/wp-content\/uploads\/2022\/10\/Leimgruberhaus_OeV.png 1038w\" sizes=\"auto, (max-width: 1024px) 100vw, 1024px\" \/><\/figure>\n\n\n\n<p>Quelle: <a href=\"http:\/\/openstreetmap.org\/\">openstreetmap.org<\/a><\/p>\n\n\n\n<p>Parkpl\u00e4tze sind hier in der Karte gelb markiert.<\/p>\n\n\n\n<p>Die roten Parkpl\u00e4tze und diese rote Strasse sind nur f\u00fcr Anwohner gestattet und nicht f\u00fcr uns erlaubt, auch nicht zum Durchfahren.<\/p>\n\n\n\n<p>Die IWB Ladestation f\u00fcr Elektro Fahrzeuge ist gr\u00fcn eingezeichnet.<\/p>\n\n\n\n<figure class=\"wp-block-image size-large\"><img loading=\"lazy\" decoding=\"async\" width=\"1024\" height=\"682\" src=\"https:\/\/makerspace-reinach.ch\/wp-content\/uploads\/2023\/04\/karte-1024x682.png\" alt=\"\" class=\"wp-image-972\" srcset=\"https:\/\/makerspace-reinach.ch\/wp-content\/uploads\/2023\/04\/karte-1024x682.png 1024w, https:\/\/makerspace-reinach.ch\/wp-content\/uploads\/2023\/04\/karte-300x200.png 300w, https:\/\/makerspace-reinach.ch\/wp-content\/uploads\/2023\/04\/karte-768x512.png 768w, https:\/\/makerspace-reinach.ch\/wp-content\/uploads\/2023\/04\/karte-1536x1024.png 1536w, https:\/\/makerspace-reinach.ch\/wp-content\/uploads\/2023\/04\/karte-1200x800.png 1200w, https:\/\/makerspace-reinach.ch\/wp-content\/uploads\/2023\/04\/karte-1980x1320.png 1980w, https:\/\/makerspace-reinach.ch\/wp-content\/uploads\/2023\/04\/karte.png 1982w\" sizes=\"auto, (max-width: 1024px) 100vw, 1024px\" \/><\/figure>\n\n\n\n<p class=\"has-small-font-size\">Stand April 2025 \/ Quelle: <a href=\"http:\/\/openstreetmap.org\/\">openstreetmap.org<\/a><\/p>\n","protected":false},"excerpt":{"rendered":"<p>Das Lokal ist sehr gut mit dem \u00d6ffentlichen Verkehr erreichbar, f\u00fcr das Auto hat es in der N\u00e4he Parkpl\u00e4tze welche am Abend meistens frei sind. Die meisten Parkpl\u00e4tze beim Lokal sind in der blauen Zone. Bitte beachtet jedoch dass die weissen Parkpl\u00e4tze in Reinach nicht kostenlos nutzbar. Weitere Informationen hier. Anreise mit dem \u00d6V Mit [&hellip;]<\/p>\n","protected":false},"author":1,"featured_media":0,"parent":0,"menu_order":0,"comment_status":"closed","ping_status":"closed","template":"","meta":{"footnotes":""},"class_list":["post-886","page","type-page","status-publish","hentry"],"yoast_head":"<!-- This site is optimized with the Yoast SEO plugin v27.4 - https:\/\/yoast.com\/product\/yoast-seo-wordpress\/ -->\n<title>Lokal \/ Verkehr Parkm\u00f6glichkeiten - Makerspace Reinach BL<\/title>\n<meta name=\"robots\" content=\"index, follow, max-snippet:-1, max-image-preview:large, max-video-preview:-1\" \/>\n<link rel=\"canonical\" href=\"https:\/\/makerspace-reinach.ch\/index.php\/lokal-verkehr-parkmoeglichkeiten\/\" \/>\n<meta property=\"og:locale\" content=\"de_DE\" \/>\n<meta property=\"og:type\" content=\"article\" \/>\n<meta property=\"og:title\" content=\"Lokal \/ Verkehr Parkm\u00f6glichkeiten - Makerspace Reinach BL\" \/>\n<meta property=\"og:description\" content=\"Das Lokal ist sehr gut mit dem \u00d6ffentlichen Verkehr erreichbar, f\u00fcr das Auto hat es in der N\u00e4he Parkpl\u00e4tze welche am Abend meistens frei sind. Die meisten Parkpl\u00e4tze beim Lokal sind in der blauen Zone. Bitte beachtet jedoch dass die weissen Parkpl\u00e4tze in Reinach nicht kostenlos nutzbar. Weitere Informationen hier. Anreise mit dem \u00d6V Mit [&hellip;]\" \/>\n<meta property=\"og:url\" content=\"https:\/\/makerspace-reinach.ch\/index.php\/lokal-verkehr-parkmoeglichkeiten\/\" \/>\n<meta property=\"og:site_name\" content=\"Makerspace Reinach BL\" \/>\n<meta property=\"article:modified_time\" content=\"2025-02-21T13:26:20+00:00\" \/>\n<meta property=\"og:image\" content=\"https:\/\/makerspace-reinach.ch\/wp-content\/uploads\/2022\/10\/Leimgruberhaus_OeV.png\" \/>\n\t<meta property=\"og:image:width\" content=\"1038\" \/>\n\t<meta property=\"og:image:height\" content=\"1000\" \/>\n\t<meta property=\"og:image:type\" content=\"image\/png\" \/>\n<meta name=\"twitter:card\" content=\"summary_large_image\" \/>\n<meta name=\"twitter:site\" content=\"@MakerspaceRein1\" \/>\n<meta name=\"twitter:label1\" content=\"Gesch\u00e4tzte Lesezeit\" \/>\n\t<meta name=\"twitter:data1\" content=\"2\u00a0Minuten\" \/>\n<script type=\"application\/ld+json\" class=\"yoast-schema-graph\">{\"@context\":\"https:\\\/\\\/schema.org\",\"@graph\":[{\"@type\":\"WebPage\",\"@id\":\"https:\\\/\\\/makerspace-reinach.ch\\\/index.php\\\/lokal-verkehr-parkmoeglichkeiten\\\/\",\"url\":\"https:\\\/\\\/makerspace-reinach.ch\\\/index.php\\\/lokal-verkehr-parkmoeglichkeiten\\\/\",\"name\":\"Lokal \\\/ Verkehr Parkm\u00f6glichkeiten - Makerspace Reinach BL\",\"isPartOf\":{\"@id\":\"https:\\\/\\\/makerspace-reinach.ch\\\/#website\"},\"primaryImageOfPage\":{\"@id\":\"https:\\\/\\\/makerspace-reinach.ch\\\/index.php\\\/lokal-verkehr-parkmoeglichkeiten\\\/#primaryimage\"},\"image\":{\"@id\":\"https:\\\/\\\/makerspace-reinach.ch\\\/index.php\\\/lokal-verkehr-parkmoeglichkeiten\\\/#primaryimage\"},\"thumbnailUrl\":\"https:\\\/\\\/makerspace-reinach.ch\\\/wp-content\\\/uploads\\\/2022\\\/10\\\/Leimgruberhaus_OeV-1024x987.png\",\"datePublished\":\"2022-10-28T20:22:23+00:00\",\"dateModified\":\"2025-02-21T13:26:20+00:00\",\"breadcrumb\":{\"@id\":\"https:\\\/\\\/makerspace-reinach.ch\\\/index.php\\\/lokal-verkehr-parkmoeglichkeiten\\\/#breadcrumb\"},\"inLanguage\":\"de\",\"potentialAction\":[{\"@type\":\"ReadAction\",\"target\":[\"https:\\\/\\\/makerspace-reinach.ch\\\/index.php\\\/lokal-verkehr-parkmoeglichkeiten\\\/\"]}]},{\"@type\":\"ImageObject\",\"inLanguage\":\"de\",\"@id\":\"https:\\\/\\\/makerspace-reinach.ch\\\/index.php\\\/lokal-verkehr-parkmoeglichkeiten\\\/#primaryimage\",\"url\":\"https:\\\/\\\/makerspace-reinach.ch\\\/wp-content\\\/uploads\\\/2022\\\/10\\\/Leimgruberhaus_OeV.png\",\"contentUrl\":\"https:\\\/\\\/makerspace-reinach.ch\\\/wp-content\\\/uploads\\\/2022\\\/10\\\/Leimgruberhaus_OeV.png\",\"width\":1038,\"height\":1000},{\"@type\":\"BreadcrumbList\",\"@id\":\"https:\\\/\\\/makerspace-reinach.ch\\\/index.php\\\/lokal-verkehr-parkmoeglichkeiten\\\/#breadcrumb\",\"itemListElement\":[{\"@type\":\"ListItem\",\"position\":1,\"name\":\"Home\",\"item\":\"https:\\\/\\\/makerspace-reinach.ch\\\/\"},{\"@type\":\"ListItem\",\"position\":2,\"name\":\"Lokal \\\/ Verkehr Parkm\u00f6glichkeiten\"}]},{\"@type\":\"WebSite\",\"@id\":\"https:\\\/\\\/makerspace-reinach.ch\\\/#website\",\"url\":\"https:\\\/\\\/makerspace-reinach.ch\\\/\",\"name\":\"Makerspace Reinach BL\",\"description\":\"\",\"publisher\":{\"@id\":\"https:\\\/\\\/makerspace-reinach.ch\\\/#organization\"},\"potentialAction\":[{\"@type\":\"SearchAction\",\"target\":{\"@type\":\"EntryPoint\",\"urlTemplate\":\"https:\\\/\\\/makerspace-reinach.ch\\\/?s={search_term_string}\"},\"query-input\":{\"@type\":\"PropertyValueSpecification\",\"valueRequired\":true,\"valueName\":\"search_term_string\"}}],\"inLanguage\":\"de\"},{\"@type\":\"Organization\",\"@id\":\"https:\\\/\\\/makerspace-reinach.ch\\\/#organization\",\"name\":\"Makerspace Reinach\",\"url\":\"https:\\\/\\\/makerspace-reinach.ch\\\/\",\"logo\":{\"@type\":\"ImageObject\",\"inLanguage\":\"de\",\"@id\":\"https:\\\/\\\/makerspace-reinach.ch\\\/#\\\/schema\\\/logo\\\/image\\\/\",\"url\":\"https:\\\/\\\/makerspace-reinach.ch\\\/wp-content\\\/uploads\\\/2020\\\/11\\\/makerspace_reinach_logo_kl.png\",\"contentUrl\":\"https:\\\/\\\/makerspace-reinach.ch\\\/wp-content\\\/uploads\\\/2020\\\/11\\\/makerspace_reinach_logo_kl.png\",\"width\":300,\"height\":300,\"caption\":\"Makerspace Reinach\"},\"image\":{\"@id\":\"https:\\\/\\\/makerspace-reinach.ch\\\/#\\\/schema\\\/logo\\\/image\\\/\"},\"sameAs\":[\"https:\\\/\\\/x.com\\\/MakerspaceRein1\"]}]}<\/script>\n<!-- \/ Yoast SEO plugin. -->","yoast_head_json":{"title":"Lokal \/ Verkehr Parkm\u00f6glichkeiten - Makerspace Reinach BL","robots":{"index":"index","follow":"follow","max-snippet":"max-snippet:-1","max-image-preview":"max-image-preview:large","max-video-preview":"max-video-preview:-1"},"canonical":"https:\/\/makerspace-reinach.ch\/index.php\/lokal-verkehr-parkmoeglichkeiten\/","og_locale":"de_DE","og_type":"article","og_title":"Lokal \/ Verkehr Parkm\u00f6glichkeiten - Makerspace Reinach BL","og_description":"Das Lokal ist sehr gut mit dem \u00d6ffentlichen Verkehr erreichbar, f\u00fcr das Auto hat es in der N\u00e4he Parkpl\u00e4tze welche am Abend meistens frei sind. Die meisten Parkpl\u00e4tze beim Lokal sind in der blauen Zone. Bitte beachtet jedoch dass die weissen Parkpl\u00e4tze in Reinach nicht kostenlos nutzbar. Weitere Informationen hier. Anreise mit dem \u00d6V Mit [&hellip;]","og_url":"https:\/\/makerspace-reinach.ch\/index.php\/lokal-verkehr-parkmoeglichkeiten\/","og_site_name":"Makerspace Reinach BL","article_modified_time":"2025-02-21T13:26:20+00:00","og_image":[{"width":1038,"height":1000,"url":"https:\/\/makerspace-reinach.ch\/wp-content\/uploads\/2022\/10\/Leimgruberhaus_OeV.png","type":"image\/png"}],"twitter_card":"summary_large_image","twitter_site":"@MakerspaceRein1","twitter_misc":{"Gesch\u00e4tzte Lesezeit":"2\u00a0Minuten"},"schema":{"@context":"https:\/\/schema.org","@graph":[{"@type":"WebPage","@id":"https:\/\/makerspace-reinach.ch\/index.php\/lokal-verkehr-parkmoeglichkeiten\/","url":"https:\/\/makerspace-reinach.ch\/index.php\/lokal-verkehr-parkmoeglichkeiten\/","name":"Lokal \/ Verkehr Parkm\u00f6glichkeiten - Makerspace Reinach BL","isPartOf":{"@id":"https:\/\/makerspace-reinach.ch\/#website"},"primaryImageOfPage":{"@id":"https:\/\/makerspace-reinach.ch\/index.php\/lokal-verkehr-parkmoeglichkeiten\/#primaryimage"},"image":{"@id":"https:\/\/makerspace-reinach.ch\/index.php\/lokal-verkehr-parkmoeglichkeiten\/#primaryimage"},"thumbnailUrl":"https:\/\/makerspace-reinach.ch\/wp-content\/uploads\/2022\/10\/Leimgruberhaus_OeV-1024x987.png","datePublished":"2022-10-28T20:22:23+00:00","dateModified":"2025-02-21T13:26:20+00:00","breadcrumb":{"@id":"https:\/\/makerspace-reinach.ch\/index.php\/lokal-verkehr-parkmoeglichkeiten\/#breadcrumb"},"inLanguage":"de","potentialAction":[{"@type":"ReadAction","target":["https:\/\/makerspace-reinach.ch\/index.php\/lokal-verkehr-parkmoeglichkeiten\/"]}]},{"@type":"ImageObject","inLanguage":"de","@id":"https:\/\/makerspace-reinach.ch\/index.php\/lokal-verkehr-parkmoeglichkeiten\/#primaryimage","url":"https:\/\/makerspace-reinach.ch\/wp-content\/uploads\/2022\/10\/Leimgruberhaus_OeV.png","contentUrl":"https:\/\/makerspace-reinach.ch\/wp-content\/uploads\/2022\/10\/Leimgruberhaus_OeV.png","width":1038,"height":1000},{"@type":"BreadcrumbList","@id":"https:\/\/makerspace-reinach.ch\/index.php\/lokal-verkehr-parkmoeglichkeiten\/#breadcrumb","itemListElement":[{"@type":"ListItem","position":1,"name":"Home","item":"https:\/\/makerspace-reinach.ch\/"},{"@type":"ListItem","position":2,"name":"Lokal \/ Verkehr Parkm\u00f6glichkeiten"}]},{"@type":"WebSite","@id":"https:\/\/makerspace-reinach.ch\/#website","url":"https:\/\/makerspace-reinach.ch\/","name":"Makerspace Reinach BL","description":"","publisher":{"@id":"https:\/\/makerspace-reinach.ch\/#organization"},"potentialAction":[{"@type":"SearchAction","target":{"@type":"EntryPoint","urlTemplate":"https:\/\/makerspace-reinach.ch\/?s={search_term_string}"},"query-input":{"@type":"PropertyValueSpecification","valueRequired":true,"valueName":"search_term_string"}}],"inLanguage":"de"},{"@type":"Organization","@id":"https:\/\/makerspace-reinach.ch\/#organization","name":"Makerspace Reinach","url":"https:\/\/makerspace-reinach.ch\/","logo":{"@type":"ImageObject","inLanguage":"de","@id":"https:\/\/makerspace-reinach.ch\/#\/schema\/logo\/image\/","url":"https:\/\/makerspace-reinach.ch\/wp-content\/uploads\/2020\/11\/makerspace_reinach_logo_kl.png","contentUrl":"https:\/\/makerspace-reinach.ch\/wp-content\/uploads\/2020\/11\/makerspace_reinach_logo_kl.png","width":300,"height":300,"caption":"Makerspace Reinach"},"image":{"@id":"https:\/\/makerspace-reinach.ch\/#\/schema\/logo\/image\/"},"sameAs":["https:\/\/x.com\/MakerspaceRein1"]}]}},"_links":{"self":[{"href":"https:\/\/makerspace-reinach.ch\/index.php\/wp-json\/wp\/v2\/pages\/886","targetHints":{"allow":["GET"]}}],"collection":[{"href":"https:\/\/makerspace-reinach.ch\/index.php\/wp-json\/wp\/v2\/pages"}],"about":[{"href":"https:\/\/makerspace-reinach.ch\/index.php\/wp-json\/wp\/v2\/types\/page"}],"author":[{"embeddable":true,"href":"https:\/\/makerspace-reinach.ch\/index.php\/wp-json\/wp\/v2\/users\/1"}],"replies":[{"embeddable":true,"href":"https:\/\/makerspace-reinach.ch\/index.php\/wp-json\/wp\/v2\/comments?post=886"}],"version-history":[{"count":7,"href":"https:\/\/makerspace-reinach.ch\/index.php\/wp-json\/wp\/v2\/pages\/886\/revisions"}],"predecessor-version":[{"id":1755,"href":"https:\/\/makerspace-reinach.ch\/index.php\/wp-json\/wp\/v2\/pages\/886\/revisions\/1755"}],"wp:attachment":[{"href":"https:\/\/makerspace-reinach.ch\/index.php\/wp-json\/wp\/v2\/media?parent=886"}],"curies":[{"name":"wp","href":"https:\/\/api.w.org\/{rel}","templated":true}]}}