{"id":702,"date":"2022-04-14T09:33:08","date_gmt":"2022-04-14T09:33:08","guid":{"rendered":"https:\/\/makerspace-reinach.ch\/?page_id=702"},"modified":"2024-04-16T19:29:26","modified_gmt":"2024-04-16T19:29:26","slug":"newsletter","status":"publish","type":"page","link":"https:\/\/makerspace-reinach.ch\/index.php\/newsletter\/","title":{"rendered":"Newsletter"},"content":{"rendered":"\n<p>M\u00f6chtest Du auf dem Laufenden sein, was beim Makerspace aktuell passiert und was geplant ist und wann das n\u00e4chste Repair Caf\u00e9 stattfindet. <\/p>\n\n\n\n<p>Dann melde dich hier zum Newsletter an:<\/p>\n\n\n\n<div class=\"wp-block-noptin-email-optin\" style=\"background-color:#eeeeee;padding:20px;color:#32373c\"><form><h2 style=\"color:#313131;text-align:center\" class=\"noptin_form_title\">Anmelden<\/h2><p style=\"text-align:center\" class=\"noptin_form_description\">Hier melden sie sich mit Ihrer E-Mail Adresse an.<\/p><input type=\"email\" class=\"noptin_form_input_email\" placeholder=\"Email Address\" required\/><input value=\"ANMELDEN\" type=\"submit\" style=\"background-color:#313131;color:#fafafa\" class=\"noptin_form_submit\"\/><input type=\"hidden\" class=\"noptin_form_redirect\"\/><div style=\"border:1px solid rgba(6, 147, 227, 0.8);display:none;padding:10px;margin-top:10px\" class=\"noptin_feedback_success\"><\/div><div style=\"border:1px solid rgba(227, 6, 37, 0.8);display:none;padding:10px;margin-top:10px\" class=\"noptin_feedback_error\"><\/div><\/form><\/div>\n","protected":false},"excerpt":{"rendered":"<p>M\u00f6chtest Du auf dem Laufenden sein, was beim Makerspace aktuell passiert und was geplant ist und wann das n\u00e4chste Repair Caf\u00e9 stattfindet. Dann melde dich hier zum Newsletter an:<\/p>\n","protected":false},"author":1,"featured_media":0,"parent":0,"menu_order":0,"comment_status":"closed","ping_status":"closed","template":"","meta":{"footnotes":""},"class_list":["post-702","page","type-page","status-publish","hentry"],"yoast_head":"<!-- This site is optimized with the Yoast SEO plugin v27.4 - https:\/\/yoast.com\/product\/yoast-seo-wordpress\/ -->\n<title>Newsletter - Makerspace Reinach BL<\/title>\n<meta name=\"robots\" content=\"index, follow, max-snippet:-1, max-image-preview:large, max-video-preview:-1\" \/>\n<link rel=\"canonical\" href=\"https:\/\/makerspace-reinach.ch\/index.php\/newsletter\/\" \/>\n<meta property=\"og:locale\" content=\"de_DE\" \/>\n<meta property=\"og:type\" content=\"article\" \/>\n<meta property=\"og:title\" content=\"Newsletter - Makerspace Reinach BL\" \/>\n<meta property=\"og:description\" content=\"M\u00f6chtest Du auf dem Laufenden sein, was beim Makerspace aktuell passiert und was geplant ist und wann das n\u00e4chste Repair Caf\u00e9 stattfindet. Dann melde dich hier zum Newsletter an:\" \/>\n<meta property=\"og:url\" content=\"https:\/\/makerspace-reinach.ch\/index.php\/newsletter\/\" \/>\n<meta property=\"og:site_name\" content=\"Makerspace Reinach BL\" \/>\n<meta property=\"article:modified_time\" content=\"2024-04-16T19:29:26+00:00\" \/>\n<meta name=\"twitter:card\" content=\"summary_large_image\" \/>\n<meta name=\"twitter:site\" content=\"@MakerspaceRein1\" \/>\n<meta name=\"twitter:label1\" content=\"Gesch\u00e4tzte Lesezeit\" \/>\n\t<meta name=\"twitter:data1\" content=\"1\u00a0Minute\" \/>\n<script type=\"application\/ld+json\" class=\"yoast-schema-graph\">{\"@context\":\"https:\\\/\\\/schema.org\",\"@graph\":[{\"@type\":\"WebPage\",\"@id\":\"https:\\\/\\\/makerspace-reinach.ch\\\/index.php\\\/newsletter\\\/\",\"url\":\"https:\\\/\\\/makerspace-reinach.ch\\\/index.php\\\/newsletter\\\/\",\"name\":\"Newsletter - Makerspace Reinach BL\",\"isPartOf\":{\"@id\":\"https:\\\/\\\/makerspace-reinach.ch\\\/#website\"},\"datePublished\":\"2022-04-14T09:33:08+00:00\",\"dateModified\":\"2024-04-16T19:29:26+00:00\",\"breadcrumb\":{\"@id\":\"https:\\\/\\\/makerspace-reinach.ch\\\/index.php\\\/newsletter\\\/#breadcrumb\"},\"inLanguage\":\"de\",\"potentialAction\":[{\"@type\":\"ReadAction\",\"target\":[\"https:\\\/\\\/makerspace-reinach.ch\\\/index.php\\\/newsletter\\\/\"]}]},{\"@type\":\"BreadcrumbList\",\"@id\":\"https:\\\/\\\/makerspace-reinach.ch\\\/index.php\\\/newsletter\\\/#breadcrumb\",\"itemListElement\":[{\"@type\":\"ListItem\",\"position\":1,\"name\":\"Home\",\"item\":\"https:\\\/\\\/makerspace-reinach.ch\\\/\"},{\"@type\":\"ListItem\",\"position\":2,\"name\":\"Newsletter\"}]},{\"@type\":\"WebSite\",\"@id\":\"https:\\\/\\\/makerspace-reinach.ch\\\/#website\",\"url\":\"https:\\\/\\\/makerspace-reinach.ch\\\/\",\"name\":\"Makerspace Reinach BL\",\"description\":\"\",\"publisher\":{\"@id\":\"https:\\\/\\\/makerspace-reinach.ch\\\/#organization\"},\"potentialAction\":[{\"@type\":\"SearchAction\",\"target\":{\"@type\":\"EntryPoint\",\"urlTemplate\":\"https:\\\/\\\/makerspace-reinach.ch\\\/?s={search_term_string}\"},\"query-input\":{\"@type\":\"PropertyValueSpecification\",\"valueRequired\":true,\"valueName\":\"search_term_string\"}}],\"inLanguage\":\"de\"},{\"@type\":\"Organization\",\"@id\":\"https:\\\/\\\/makerspace-reinach.ch\\\/#organization\",\"name\":\"Makerspace Reinach\",\"url\":\"https:\\\/\\\/makerspace-reinach.ch\\\/\",\"logo\":{\"@type\":\"ImageObject\",\"inLanguage\":\"de\",\"@id\":\"https:\\\/\\\/makerspace-reinach.ch\\\/#\\\/schema\\\/logo\\\/image\\\/\",\"url\":\"https:\\\/\\\/makerspace-reinach.ch\\\/wp-content\\\/uploads\\\/2020\\\/11\\\/makerspace_reinach_logo_kl.png\",\"contentUrl\":\"https:\\\/\\\/makerspace-reinach.ch\\\/wp-content\\\/uploads\\\/2020\\\/11\\\/makerspace_reinach_logo_kl.png\",\"width\":300,\"height\":300,\"caption\":\"Makerspace Reinach\"},\"image\":{\"@id\":\"https:\\\/\\\/makerspace-reinach.ch\\\/#\\\/schema\\\/logo\\\/image\\\/\"},\"sameAs\":[\"https:\\\/\\\/x.com\\\/MakerspaceRein1\"]}]}<\/script>\n<!-- \/ Yoast SEO plugin. -->","yoast_head_json":{"title":"Newsletter - Makerspace Reinach BL","robots":{"index":"index","follow":"follow","max-snippet":"max-snippet:-1","max-image-preview":"max-image-preview:large","max-video-preview":"max-video-preview:-1"},"canonical":"https:\/\/makerspace-reinach.ch\/index.php\/newsletter\/","og_locale":"de_DE","og_type":"article","og_title":"Newsletter - Makerspace Reinach BL","og_description":"M\u00f6chtest Du auf dem Laufenden sein, was beim Makerspace aktuell passiert und was geplant ist und wann das n\u00e4chste Repair Caf\u00e9 stattfindet. Dann melde dich hier zum Newsletter an:","og_url":"https:\/\/makerspace-reinach.ch\/index.php\/newsletter\/","og_site_name":"Makerspace Reinach BL","article_modified_time":"2024-04-16T19:29:26+00:00","twitter_card":"summary_large_image","twitter_site":"@MakerspaceRein1","twitter_misc":{"Gesch\u00e4tzte Lesezeit":"1\u00a0Minute"},"schema":{"@context":"https:\/\/schema.org","@graph":[{"@type":"WebPage","@id":"https:\/\/makerspace-reinach.ch\/index.php\/newsletter\/","url":"https:\/\/makerspace-reinach.ch\/index.php\/newsletter\/","name":"Newsletter - Makerspace Reinach BL","isPartOf":{"@id":"https:\/\/makerspace-reinach.ch\/#website"},"datePublished":"2022-04-14T09:33:08+00:00","dateModified":"2024-04-16T19:29:26+00:00","breadcrumb":{"@id":"https:\/\/makerspace-reinach.ch\/index.php\/newsletter\/#breadcrumb"},"inLanguage":"de","potentialAction":[{"@type":"ReadAction","target":["https:\/\/makerspace-reinach.ch\/index.php\/newsletter\/"]}]},{"@type":"BreadcrumbList","@id":"https:\/\/makerspace-reinach.ch\/index.php\/newsletter\/#breadcrumb","itemListElement":[{"@type":"ListItem","position":1,"name":"Home","item":"https:\/\/makerspace-reinach.ch\/"},{"@type":"ListItem","position":2,"name":"Newsletter"}]},{"@type":"WebSite","@id":"https:\/\/makerspace-reinach.ch\/#website","url":"https:\/\/makerspace-reinach.ch\/","name":"Makerspace Reinach BL","description":"","publisher":{"@id":"https:\/\/makerspace-reinach.ch\/#organization"},"potentialAction":[{"@type":"SearchAction","target":{"@type":"EntryPoint","urlTemplate":"https:\/\/makerspace-reinach.ch\/?s={search_term_string}"},"query-input":{"@type":"PropertyValueSpecification","valueRequired":true,"valueName":"search_term_string"}}],"inLanguage":"de"},{"@type":"Organization","@id":"https:\/\/makerspace-reinach.ch\/#organization","name":"Makerspace Reinach","url":"https:\/\/makerspace-reinach.ch\/","logo":{"@type":"ImageObject","inLanguage":"de","@id":"https:\/\/makerspace-reinach.ch\/#\/schema\/logo\/image\/","url":"https:\/\/makerspace-reinach.ch\/wp-content\/uploads\/2020\/11\/makerspace_reinach_logo_kl.png","contentUrl":"https:\/\/makerspace-reinach.ch\/wp-content\/uploads\/2020\/11\/makerspace_reinach_logo_kl.png","width":300,"height":300,"caption":"Makerspace Reinach"},"image":{"@id":"https:\/\/makerspace-reinach.ch\/#\/schema\/logo\/image\/"},"sameAs":["https:\/\/x.com\/MakerspaceRein1"]}]}},"_links":{"self":[{"href":"https:\/\/makerspace-reinach.ch\/index.php\/wp-json\/wp\/v2\/pages\/702","targetHints":{"allow":["GET"]}}],"collection":[{"href":"https:\/\/makerspace-reinach.ch\/index.php\/wp-json\/wp\/v2\/pages"}],"about":[{"href":"https:\/\/makerspace-reinach.ch\/index.php\/wp-json\/wp\/v2\/types\/page"}],"author":[{"embeddable":true,"href":"https:\/\/makerspace-reinach.ch\/index.php\/wp-json\/wp\/v2\/users\/1"}],"replies":[{"embeddable":true,"href":"https:\/\/makerspace-reinach.ch\/index.php\/wp-json\/wp\/v2\/comments?post=702"}],"version-history":[{"count":13,"href":"https:\/\/makerspace-reinach.ch\/index.php\/wp-json\/wp\/v2\/pages\/702\/revisions"}],"predecessor-version":[{"id":1430,"href":"https:\/\/makerspace-reinach.ch\/index.php\/wp-json\/wp\/v2\/pages\/702\/revisions\/1430"}],"wp:attachment":[{"href":"https:\/\/makerspace-reinach.ch\/index.php\/wp-json\/wp\/v2\/media?parent=702"}],"curies":[{"name":"wp","href":"https:\/\/api.w.org\/{rel}","templated":true}]}}