{"id":690,"date":"2022-04-08T08:42:37","date_gmt":"2022-04-08T08:42:37","guid":{"rendered":"https:\/\/makerspace-reinach.ch\/?page_id=690"},"modified":"2026-02-10T19:41:24","modified_gmt":"2026-02-10T19:41:24","slug":"repair-cafe","status":"publish","type":"page","link":"https:\/\/makerspace-reinach.ch\/index.php\/repair-cafe\/","title":{"rendered":"Repair Caf\u00e9"},"content":{"rendered":"\n<h2 class=\"wp-block-heading\">Hier findet Ihr die Infos \u00fcber das n\u00e4chste geplante Repair Caf\u00e9:<\/h2>\n\n\n\n<p><\/p>\n\n\n\n<p><strong>Das n\u00e4chste Repair Caf\u00e9 findet am <\/strong><\/p>\n\n\n\n<p><strong>Samstag 18. April 2026 von 10h &#8211; 12h statt.<\/strong><\/p>\n\n\n\n<p>Das wird die 4. Ausgabe des Repair Caf\u00e9s im Makerspace Reinach. In unserem Repair Caf\u00e9 kannst du defekte Ger\u00e4te und Dinge gemeinsam mit freiwilligem Helfer:innen reparieren.<\/p>\n\n\n\n<p>Egal ob Spielzeug, Mixer, Rucksack oder kleine M\u00f6bel du bist herzlich eingeladen, diese defekten Gegenst\u00e4nden gemeinsam mit den freiwilligen Helfer:innen neues Leben einzuhauchen. <\/p>\n\n\n\n<p>Von <strong>10-12 Uhr wird im Makerspace Reinach im <a href=\"https:\/\/makerspace-reinach.ch\/index.php\/lokal\/\">Leimgruberhaus,  Schulgasse 1, 4153 Reinach<\/a><\/strong> geflickt, gebohrt und gel\u00f6tet. Diese Reparaturveranstaltung ist kostenlos, bezahlt werden m\u00fcssen lediglich die Ersatzteile. <\/p>\n\n\n\n<p>Mit unserem Repair Caf\u00e9 wollen wir konkret etwas gegen den Ressourcenverschleiss und die wachsenden Abfallberge unternehmen. Zudem lernen wir gemeinsam wie Ger\u00e4te und Gegenst\u00e4nde repariert werden k\u00f6nnen und dass es f\u00fcr fast alle Defekte kreative L\u00f6sungen gibt. Das Portemonnaie wird geschont und wir schliessen neue Kontakte und k\u00f6nnen uns bei Kaffee und Kuchen austauschen. <\/p>\n\n\n\n<p>F\u00fcr die Teilnahme am Repair Caf\u00e9 ist die Werkstatt-Abmachung (<a href=\"https:\/\/makerspace-reinach.ch\/index.php\/werkstatt-abmachungen\/\" target=\"_blank\" rel=\"noreferrer noopener\">https:\/\/makerspace-reinach.ch\/index.php\/werkstatt-abmachungen\/<\/a>) bindend und die Unterzeichnung des Haftungsausschuss (vor Ort) erforderlich. Die freiwilligen Helfer:innen und die Organisatorin des Repair Caf\u00e9s k\u00f6nnen Reparaturen, die ihnen zu heikel oder aufw\u00e4ndig erscheinen,jederzeit auch ablehnen.<\/p>\n\n\n\n<p><strong>Reparieren statt wegwerfen im Repair Caf\u00e9 des Makerspace Reinach <\/strong><\/p>\n\n\n\n<p><strong>Was wird repariert? <\/strong><br>Elektroger\u00e4te(z.B.: Roboter-\/Staubsauger, Waffeleisen, MP3-Player&#8230;), Textilien(z.B.: Rucks\u00e4cke, Taschen, G\u00fcrtel&#8230;), kleine M\u00f6bel, Spielzeug.<\/p>\n\n\n\n<p><strong>Wie? <\/strong><br>Diese Reparaturveranstaltung ist kostenlos, bezahlt werden m\u00fcssen lediglich die Ersatzteile. Die Reihenfolge der Reparatur erfolgt nach Eingang vor Ort. Die Reparatur wird jeweils selber durchgef\u00fchrt mit Unterst\u00fctzung einer freiwilligen Helfer:in.<\/p>\n\n\n\n<p><strong>Wann?<\/strong> Am 9. M\u00e4rz 2024 \/ 10h bis 12h<\/p>\n\n\n\n<p><strong>Wo?<\/strong> <a href=\"https:\/\/makerspace-reinach.ch\/index.php\/lokal\/\">Leimgruberhaus<\/a>, Schulgasse 1, 4153 Reinach<\/p>\n\n\n\n<p><strong>F\u00fcr Fragen: <\/strong><a href=\"web@makerspace-reinach.ch\">web@makerspace-reinach.ch<\/a><\/p>\n\n\n\n<p>Das n\u00e4chste Repair Caf\u00e9 nicht verpassen, dann hier beim Newsletter anmelden. <a href=\"https:\/\/makerspace-reinach.ch\/index.php\/newsletter\/\">=&gt; Anmeldung.<\/a><\/p>\n\n\n\n<p>Hier Impressionen von den letzten Repair Caf\u00e9s:<\/p>\n\n\n<ul class=\"wp-block-latest-posts__list has-dates wp-block-latest-posts\"><li><div class=\"wp-block-latest-posts__featured-image alignleft\"><img loading=\"lazy\" decoding=\"async\" width=\"150\" height=\"150\" src=\"https:\/\/makerspace-reinach.ch\/wp-content\/uploads\/2023\/10\/Makerspace_Repair_Cafe_1-150x150.jpg\" class=\"attachment-thumbnail size-thumbnail wp-post-image\" alt=\"\" style=\"\" \/><\/div><a class=\"wp-block-latest-posts__post-title\" href=\"https:\/\/makerspace-reinach.ch\/index.php\/2025\/03\/22\/naechstes-repair-cafe-am-17-05-2025\/\">Repair Caf\u00e9 vom 17.05.2025<\/a><time datetime=\"2025-03-22T01:35:55+00:00\" class=\"wp-block-latest-posts__post-date\">M\u00e4rz 22, 2025<\/time><div class=\"wp-block-latest-posts__post-excerpt\">Auch das 4. Repair Caf\u00e9 ist ein voller Erfolg. Erneut konnten wir viele Objekt vor dem Abgall retten und somit etwas f\u00fcr die Umwelt tun. Hier ein paar Impressionen Falls sie \u00fcber das n\u00e4chste\u2026\u00a0<a class=\"wp-block-latest-posts__read-more\" href=\"https:\/\/makerspace-reinach.ch\/index.php\/2025\/03\/22\/naechstes-repair-cafe-am-17-05-2025\/\" rel=\"noopener noreferrer\"><span class=\"screen-reader-text\">Repair Caf\u00e9 vom 17.05.2025 <\/span>weiterlesen<\/a><\/div><\/li>\n<li><div class=\"wp-block-latest-posts__featured-image alignleft\"><img loading=\"lazy\" decoding=\"async\" width=\"150\" height=\"150\" src=\"https:\/\/makerspace-reinach.ch\/wp-content\/uploads\/2024\/03\/20240309_094142_1-150x150.jpg\" class=\"attachment-thumbnail size-thumbnail wp-post-image\" alt=\"\" style=\"\" \/><\/div><a class=\"wp-block-latest-posts__post-title\" href=\"https:\/\/makerspace-reinach.ch\/index.php\/2024\/03\/10\/bericht-vom-repair-cafe-am-09-03-2024\/\">Bericht vom Repair Caf\u00e9 am 09.03.2024<\/a><time datetime=\"2024-03-10T19:27:24+00:00\" class=\"wp-block-latest-posts__post-date\">M\u00e4rz 10, 2024<\/time><div class=\"wp-block-latest-posts__post-excerpt\">Das Repair Caf\u00e9 im 2024 stand ganz unter dem Motto \u201e850 Joor Rynach\u201c. Das war die Dritte Ausgabe des Repair Caf\u00e9s im Makerspace Reinach. Da wir im Vorjahr etwas wenig Kunden hatten waren die\u2026\u00a0<a class=\"wp-block-latest-posts__read-more\" href=\"https:\/\/makerspace-reinach.ch\/index.php\/2024\/03\/10\/bericht-vom-repair-cafe-am-09-03-2024\/\" rel=\"noopener noreferrer\"><span class=\"screen-reader-text\">Bericht vom Repair Caf\u00e9 am 09.03.2024 <\/span>weiterlesen<\/a><\/div><\/li>\n<li><div class=\"wp-block-latest-posts__featured-image alignleft\"><img loading=\"lazy\" decoding=\"async\" width=\"150\" height=\"150\" src=\"https:\/\/makerspace-reinach.ch\/wp-content\/uploads\/2023\/05\/20230513_112340_1-150x150.jpg\" class=\"attachment-thumbnail size-thumbnail wp-post-image\" alt=\"\" style=\"\" \/><\/div><a class=\"wp-block-latest-posts__post-title\" href=\"https:\/\/makerspace-reinach.ch\/index.php\/2023\/05\/04\/repair-cafe-13-05-2023\/\">Bericht vom Repair Caf\u00e9 am 13.05.2023<\/a><time datetime=\"2023-05-04T19:39:06+00:00\" class=\"wp-block-latest-posts__post-date\">Mai 4, 2023<\/time><div class=\"wp-block-latest-posts__post-excerpt\">Wir konnten am Samstag den 13. Mai unser 2. Repair Caf\u00e9 durchf\u00fchren. Die R\u00e4ume vom Leimgruberhaus waren f\u00fcr unser Event einfach genial. Im Eingangsbereich fand die &#8222;Triage&#8220; der defekten Ger\u00e4te statt. Im Foyer wurden\u2026\u00a0<a class=\"wp-block-latest-posts__read-more\" href=\"https:\/\/makerspace-reinach.ch\/index.php\/2023\/05\/04\/repair-cafe-13-05-2023\/\" rel=\"noopener noreferrer\"><span class=\"screen-reader-text\">Bericht vom Repair Caf\u00e9 am 13.05.2023 <\/span>weiterlesen<\/a><\/div><\/li>\n<li><div class=\"wp-block-latest-posts__featured-image alignleft\"><img loading=\"lazy\" decoding=\"async\" width=\"150\" height=\"150\" src=\"https:\/\/makerspace-reinach.ch\/wp-content\/uploads\/2022\/04\/Inserat_Final_Repair_Cage-150x150.jpg\" class=\"attachment-thumbnail size-thumbnail wp-post-image\" alt=\"\" style=\"\" \/><\/div><a class=\"wp-block-latest-posts__post-title\" href=\"https:\/\/makerspace-reinach.ch\/index.php\/2022\/05\/02\/reparieren-statt-wegwerfen-repair-cafe-vom-30-april-2022\/\">Reparieren statt Wegwerfen: Repair Caf\u00e9 vom 30. April 2022<\/a><time datetime=\"2022-05-02T20:12:07+00:00\" class=\"wp-block-latest-posts__post-date\">Mai 2, 2022<\/time><div class=\"wp-block-latest-posts__post-excerpt\">Vielen Dank nochmals an alle Helfer f\u00fcr diesen tollen Reparatur-Tag. In den gut drei Stunden Reparaturzeit konnten wir ca. 18.1 kg Abfall vermeiden. Willst Du den n\u00e4chsten Termin nicht verpassen? Hier zum Newsletter anmelden.\u2026\u00a0<a class=\"wp-block-latest-posts__read-more\" href=\"https:\/\/makerspace-reinach.ch\/index.php\/2022\/05\/02\/reparieren-statt-wegwerfen-repair-cafe-vom-30-april-2022\/\" rel=\"noopener noreferrer\"><span class=\"screen-reader-text\">Reparieren statt Wegwerfen: Repair Caf\u00e9 vom 30. April 2022 <\/span>weiterlesen<\/a><\/div><\/li>\n<\/ul>","protected":false},"excerpt":{"rendered":"<p>Hier findet Ihr die Infos \u00fcber das n\u00e4chste geplante Repair Caf\u00e9: Das n\u00e4chste Repair Caf\u00e9 findet am Samstag 18. April 2026 von 10h &#8211; 12h statt. Das wird die 4. Ausgabe des Repair Caf\u00e9s im Makerspace Reinach. In unserem Repair Caf\u00e9 kannst du defekte Ger\u00e4te und Dinge gemeinsam mit freiwilligem Helfer:innen reparieren. Egal ob Spielzeug, [&hellip;]<\/p>\n","protected":false},"author":1,"featured_media":1231,"parent":0,"menu_order":0,"comment_status":"closed","ping_status":"closed","template":"","meta":{"footnotes":""},"class_list":["post-690","page","type-page","status-publish","has-post-thumbnail","hentry"],"yoast_head":"<!-- This site is optimized with the Yoast SEO plugin v27.6 - https:\/\/yoast.com\/product\/yoast-seo-wordpress\/ -->\n<title>Repair Caf\u00e9 - Makerspace Reinach BL<\/title>\n<meta name=\"robots\" content=\"index, follow, max-snippet:-1, max-image-preview:large, max-video-preview:-1\" \/>\n<link rel=\"canonical\" href=\"https:\/\/makerspace-reinach.ch\/index.php\/repair-cafe\/\" \/>\n<meta property=\"og:locale\" content=\"de_DE\" \/>\n<meta property=\"og:type\" content=\"article\" \/>\n<meta property=\"og:title\" content=\"Repair Caf\u00e9 - Makerspace Reinach BL\" \/>\n<meta property=\"og:description\" content=\"Hier findet Ihr die Infos \u00fcber das n\u00e4chste geplante Repair Caf\u00e9: Das n\u00e4chste Repair Caf\u00e9 findet am Samstag 18. April 2026 von 10h &#8211; 12h statt. Das wird die 4. Ausgabe des Repair Caf\u00e9s im Makerspace Reinach. In unserem Repair Caf\u00e9 kannst du defekte Ger\u00e4te und Dinge gemeinsam mit freiwilligem Helfer:innen reparieren. Egal ob Spielzeug, [&hellip;]\" \/>\n<meta property=\"og:url\" content=\"https:\/\/makerspace-reinach.ch\/index.php\/repair-cafe\/\" \/>\n<meta property=\"og:site_name\" content=\"Makerspace Reinach BL\" \/>\n<meta property=\"article:modified_time\" content=\"2026-02-10T19:41:24+00:00\" \/>\n<meta property=\"og:image\" content=\"https:\/\/makerspace-reinach.ch\/wp-content\/uploads\/2023\/10\/Makerspace_Repair_Cafe_1.jpg\" \/>\n\t<meta property=\"og:image:width\" content=\"1200\" \/>\n\t<meta property=\"og:image:height\" content=\"666\" \/>\n\t<meta property=\"og:image:type\" content=\"image\/jpeg\" \/>\n<meta name=\"twitter:card\" content=\"summary_large_image\" \/>\n<meta name=\"twitter:site\" content=\"@MakerspaceRein1\" \/>\n<meta name=\"twitter:label1\" content=\"Gesch\u00e4tzte Lesezeit\" \/>\n\t<meta name=\"twitter:data1\" content=\"2\u00a0Minuten\" \/>\n<script type=\"application\/ld+json\" class=\"yoast-schema-graph\">{\"@context\":\"https:\\\/\\\/schema.org\",\"@graph\":[{\"@type\":\"WebPage\",\"@id\":\"https:\\\/\\\/makerspace-reinach.ch\\\/index.php\\\/repair-cafe\\\/\",\"url\":\"https:\\\/\\\/makerspace-reinach.ch\\\/index.php\\\/repair-cafe\\\/\",\"name\":\"Repair Caf\u00e9 - Makerspace Reinach BL\",\"isPartOf\":{\"@id\":\"https:\\\/\\\/makerspace-reinach.ch\\\/#website\"},\"primaryImageOfPage\":{\"@id\":\"https:\\\/\\\/makerspace-reinach.ch\\\/index.php\\\/repair-cafe\\\/#primaryimage\"},\"image\":{\"@id\":\"https:\\\/\\\/makerspace-reinach.ch\\\/index.php\\\/repair-cafe\\\/#primaryimage\"},\"thumbnailUrl\":\"https:\\\/\\\/makerspace-reinach.ch\\\/wp-content\\\/uploads\\\/2023\\\/10\\\/Makerspace_Repair_Cafe_1.jpg\",\"datePublished\":\"2022-04-08T08:42:37+00:00\",\"dateModified\":\"2026-02-10T19:41:24+00:00\",\"breadcrumb\":{\"@id\":\"https:\\\/\\\/makerspace-reinach.ch\\\/index.php\\\/repair-cafe\\\/#breadcrumb\"},\"inLanguage\":\"de\",\"potentialAction\":[{\"@type\":\"ReadAction\",\"target\":[\"https:\\\/\\\/makerspace-reinach.ch\\\/index.php\\\/repair-cafe\\\/\"]}]},{\"@type\":\"ImageObject\",\"inLanguage\":\"de\",\"@id\":\"https:\\\/\\\/makerspace-reinach.ch\\\/index.php\\\/repair-cafe\\\/#primaryimage\",\"url\":\"https:\\\/\\\/makerspace-reinach.ch\\\/wp-content\\\/uploads\\\/2023\\\/10\\\/Makerspace_Repair_Cafe_1.jpg\",\"contentUrl\":\"https:\\\/\\\/makerspace-reinach.ch\\\/wp-content\\\/uploads\\\/2023\\\/10\\\/Makerspace_Repair_Cafe_1.jpg\",\"width\":1200,\"height\":666},{\"@type\":\"BreadcrumbList\",\"@id\":\"https:\\\/\\\/makerspace-reinach.ch\\\/index.php\\\/repair-cafe\\\/#breadcrumb\",\"itemListElement\":[{\"@type\":\"ListItem\",\"position\":1,\"name\":\"Home\",\"item\":\"https:\\\/\\\/makerspace-reinach.ch\\\/\"},{\"@type\":\"ListItem\",\"position\":2,\"name\":\"Repair Caf\u00e9\"}]},{\"@type\":\"WebSite\",\"@id\":\"https:\\\/\\\/makerspace-reinach.ch\\\/#website\",\"url\":\"https:\\\/\\\/makerspace-reinach.ch\\\/\",\"name\":\"Makerspace Reinach BL\",\"description\":\"\",\"publisher\":{\"@id\":\"https:\\\/\\\/makerspace-reinach.ch\\\/#organization\"},\"potentialAction\":[{\"@type\":\"SearchAction\",\"target\":{\"@type\":\"EntryPoint\",\"urlTemplate\":\"https:\\\/\\\/makerspace-reinach.ch\\\/?s={search_term_string}\"},\"query-input\":{\"@type\":\"PropertyValueSpecification\",\"valueRequired\":true,\"valueName\":\"search_term_string\"}}],\"inLanguage\":\"de\"},{\"@type\":\"Organization\",\"@id\":\"https:\\\/\\\/makerspace-reinach.ch\\\/#organization\",\"name\":\"Makerspace Reinach\",\"url\":\"https:\\\/\\\/makerspace-reinach.ch\\\/\",\"logo\":{\"@type\":\"ImageObject\",\"inLanguage\":\"de\",\"@id\":\"https:\\\/\\\/makerspace-reinach.ch\\\/#\\\/schema\\\/logo\\\/image\\\/\",\"url\":\"https:\\\/\\\/makerspace-reinach.ch\\\/wp-content\\\/uploads\\\/2020\\\/11\\\/makerspace_reinach_logo_kl.png\",\"contentUrl\":\"https:\\\/\\\/makerspace-reinach.ch\\\/wp-content\\\/uploads\\\/2020\\\/11\\\/makerspace_reinach_logo_kl.png\",\"width\":300,\"height\":300,\"caption\":\"Makerspace Reinach\"},\"image\":{\"@id\":\"https:\\\/\\\/makerspace-reinach.ch\\\/#\\\/schema\\\/logo\\\/image\\\/\"},\"sameAs\":[\"https:\\\/\\\/x.com\\\/MakerspaceRein1\"]}]}<\/script>\n<!-- \/ Yoast SEO plugin. -->","yoast_head_json":{"title":"Repair Caf\u00e9 - Makerspace Reinach BL","robots":{"index":"index","follow":"follow","max-snippet":"max-snippet:-1","max-image-preview":"max-image-preview:large","max-video-preview":"max-video-preview:-1"},"canonical":"https:\/\/makerspace-reinach.ch\/index.php\/repair-cafe\/","og_locale":"de_DE","og_type":"article","og_title":"Repair Caf\u00e9 - Makerspace Reinach BL","og_description":"Hier findet Ihr die Infos \u00fcber das n\u00e4chste geplante Repair Caf\u00e9: Das n\u00e4chste Repair Caf\u00e9 findet am Samstag 18. April 2026 von 10h &#8211; 12h statt. Das wird die 4. Ausgabe des Repair Caf\u00e9s im Makerspace Reinach. In unserem Repair Caf\u00e9 kannst du defekte Ger\u00e4te und Dinge gemeinsam mit freiwilligem Helfer:innen reparieren. Egal ob Spielzeug, [&hellip;]","og_url":"https:\/\/makerspace-reinach.ch\/index.php\/repair-cafe\/","og_site_name":"Makerspace Reinach BL","article_modified_time":"2026-02-10T19:41:24+00:00","og_image":[{"width":1200,"height":666,"url":"https:\/\/makerspace-reinach.ch\/wp-content\/uploads\/2023\/10\/Makerspace_Repair_Cafe_1.jpg","type":"image\/jpeg"}],"twitter_card":"summary_large_image","twitter_site":"@MakerspaceRein1","twitter_misc":{"Gesch\u00e4tzte Lesezeit":"2\u00a0Minuten"},"schema":{"@context":"https:\/\/schema.org","@graph":[{"@type":"WebPage","@id":"https:\/\/makerspace-reinach.ch\/index.php\/repair-cafe\/","url":"https:\/\/makerspace-reinach.ch\/index.php\/repair-cafe\/","name":"Repair Caf\u00e9 - Makerspace Reinach BL","isPartOf":{"@id":"https:\/\/makerspace-reinach.ch\/#website"},"primaryImageOfPage":{"@id":"https:\/\/makerspace-reinach.ch\/index.php\/repair-cafe\/#primaryimage"},"image":{"@id":"https:\/\/makerspace-reinach.ch\/index.php\/repair-cafe\/#primaryimage"},"thumbnailUrl":"https:\/\/makerspace-reinach.ch\/wp-content\/uploads\/2023\/10\/Makerspace_Repair_Cafe_1.jpg","datePublished":"2022-04-08T08:42:37+00:00","dateModified":"2026-02-10T19:41:24+00:00","breadcrumb":{"@id":"https:\/\/makerspace-reinach.ch\/index.php\/repair-cafe\/#breadcrumb"},"inLanguage":"de","potentialAction":[{"@type":"ReadAction","target":["https:\/\/makerspace-reinach.ch\/index.php\/repair-cafe\/"]}]},{"@type":"ImageObject","inLanguage":"de","@id":"https:\/\/makerspace-reinach.ch\/index.php\/repair-cafe\/#primaryimage","url":"https:\/\/makerspace-reinach.ch\/wp-content\/uploads\/2023\/10\/Makerspace_Repair_Cafe_1.jpg","contentUrl":"https:\/\/makerspace-reinach.ch\/wp-content\/uploads\/2023\/10\/Makerspace_Repair_Cafe_1.jpg","width":1200,"height":666},{"@type":"BreadcrumbList","@id":"https:\/\/makerspace-reinach.ch\/index.php\/repair-cafe\/#breadcrumb","itemListElement":[{"@type":"ListItem","position":1,"name":"Home","item":"https:\/\/makerspace-reinach.ch\/"},{"@type":"ListItem","position":2,"name":"Repair Caf\u00e9"}]},{"@type":"WebSite","@id":"https:\/\/makerspace-reinach.ch\/#website","url":"https:\/\/makerspace-reinach.ch\/","name":"Makerspace Reinach BL","description":"","publisher":{"@id":"https:\/\/makerspace-reinach.ch\/#organization"},"potentialAction":[{"@type":"SearchAction","target":{"@type":"EntryPoint","urlTemplate":"https:\/\/makerspace-reinach.ch\/?s={search_term_string}"},"query-input":{"@type":"PropertyValueSpecification","valueRequired":true,"valueName":"search_term_string"}}],"inLanguage":"de"},{"@type":"Organization","@id":"https:\/\/makerspace-reinach.ch\/#organization","name":"Makerspace Reinach","url":"https:\/\/makerspace-reinach.ch\/","logo":{"@type":"ImageObject","inLanguage":"de","@id":"https:\/\/makerspace-reinach.ch\/#\/schema\/logo\/image\/","url":"https:\/\/makerspace-reinach.ch\/wp-content\/uploads\/2020\/11\/makerspace_reinach_logo_kl.png","contentUrl":"https:\/\/makerspace-reinach.ch\/wp-content\/uploads\/2020\/11\/makerspace_reinach_logo_kl.png","width":300,"height":300,"caption":"Makerspace Reinach"},"image":{"@id":"https:\/\/makerspace-reinach.ch\/#\/schema\/logo\/image\/"},"sameAs":["https:\/\/x.com\/MakerspaceRein1"]}]}},"_links":{"self":[{"href":"https:\/\/makerspace-reinach.ch\/index.php\/wp-json\/wp\/v2\/pages\/690","targetHints":{"allow":["GET"]}}],"collection":[{"href":"https:\/\/makerspace-reinach.ch\/index.php\/wp-json\/wp\/v2\/pages"}],"about":[{"href":"https:\/\/makerspace-reinach.ch\/index.php\/wp-json\/wp\/v2\/types\/page"}],"author":[{"embeddable":true,"href":"https:\/\/makerspace-reinach.ch\/index.php\/wp-json\/wp\/v2\/users\/1"}],"replies":[{"embeddable":true,"href":"https:\/\/makerspace-reinach.ch\/index.php\/wp-json\/wp\/v2\/comments?post=690"}],"version-history":[{"count":20,"href":"https:\/\/makerspace-reinach.ch\/index.php\/wp-json\/wp\/v2\/pages\/690\/revisions"}],"predecessor-version":[{"id":2106,"href":"https:\/\/makerspace-reinach.ch\/index.php\/wp-json\/wp\/v2\/pages\/690\/revisions\/2106"}],"wp:featuredmedia":[{"embeddable":true,"href":"https:\/\/makerspace-reinach.ch\/index.php\/wp-json\/wp\/v2\/media\/1231"}],"wp:attachment":[{"href":"https:\/\/makerspace-reinach.ch\/index.php\/wp-json\/wp\/v2\/media?parent=690"}],"curies":[{"name":"wp","href":"https:\/\/api.w.org\/{rel}","templated":true}]}}