{"id":644,"date":"2022-03-04T11:11:26","date_gmt":"2022-03-04T11:11:26","guid":{"rendered":"https:\/\/makerspace-reinach.ch\/?page_id=644"},"modified":"2025-09-27T09:51:43","modified_gmt":"2025-09-27T09:51:43","slug":"maschinen-inventar","status":"publish","type":"page","link":"https:\/\/makerspace-reinach.ch\/index.php\/maschinen-inventar\/","title":{"rendered":"Maschinen"},"content":{"rendered":"\n<p>Die meisten Werkzeuge und Maschinen sind f\u00fcr alle Mitglieder gratis zu nutzen. Einige Maschinen ben\u00f6tigen jedoch eine spezielle Wartung und wir m\u00fcssen f\u00fcr deren Nutzung einen kleinen Beitrag verlangen.<\/p>\n\n\n\n<p>Folgende Maschinen sind kostenlos f\u00fcr eine &#8222;normale&#8220; Nutzung:<\/p>\n\n\n\n<p><a href=\"https:\/\/makerspace-reinach.ch\/index.php\/2025\/09\/27\/metall-fraesmaschine\/\">Metall Fr\u00e4smaschine<\/a><\/p>\n\n\n\n<p><a href=\"https:\/\/makerspace-reinach.ch\/index.php\/2025\/09\/27\/metall-fraesmaschine\/\">Metall <\/a><a href=\"https:\/\/makerspace-reinach.ch\/index.php\/2023\/09\/16\/drehbank-optiturn\/\">Drehbank<\/a><\/p>\n\n\n\n<p><a href=\"https:\/\/makerspace-reinach.ch\/index.php\/2025\/09\/27\/cnc-maschine\/\">CNC Maschine<\/a><\/p>\n\n\n\n<p>Folgende Maschinen sind kostenpflichtig in der Nutzung:<\/p>\n\n\n\n<p><a href=\"https:\/\/makerspace-reinach.ch\/index.php\/2024\/01\/14\/x1-carbon-3d-drucker-von-bambu-lab\/\"><strong>3d Drucker<\/strong> (Details)<\/a><\/p>\n\n\n\n<ul class=\"wp-block-list\">\n<li>PLA zu 4.- pro 100g<\/li>\n<\/ul>\n\n\n\n<p>Bitte beachte, dass je nach Druckqualit\u00e4t\/Schichtdicke der Druck relativ lange geht. Plane gen\u00fcgend Zeit ein oder reduziere die Objektgr\u00f6sse oder Qualit\u00e4t um Zeit zu sparen.<\/p>\n\n\n\n<p><a href=\"https:\/\/makerspace-reinach.ch\/index.php\/2022\/03\/04\/lasercutter\/\"><strong>Lasercutter<\/strong> (Details)<\/a><\/p>\n\n\n\n<p>24.- pro Stunde bzw. 6.- pro 15 Minute<\/p>\n\n\n\n<p>Es gibt folgende Pakte:<\/p>\n\n\n\n<p>5h zu einem Preis von 4h<\/p>\n\n\n\n<p>Bitte beachte, dass der Lasercutter sehr schnell arbeitet, in 5 Minuten hat man normalerweise ein normal grosses Objekt ausgeschnitten.<\/p>\n\n\n\n<p>Es z\u00e4hlt nur die Laser reine Schneidezeit. Der Laser zeichnet diese Zeit auf und die kann dann in der Software abgelesen werden.<\/p>\n","protected":false},"excerpt":{"rendered":"<p>Die meisten Werkzeuge und Maschinen sind f\u00fcr alle Mitglieder gratis zu nutzen. Einige Maschinen ben\u00f6tigen jedoch eine spezielle Wartung und wir m\u00fcssen f\u00fcr deren Nutzung einen kleinen Beitrag verlangen. Folgende Maschinen sind kostenlos f\u00fcr eine &#8222;normale&#8220; Nutzung: Metall Fr\u00e4smaschine Metall Drehbank CNC Maschine Folgende Maschinen sind kostenpflichtig in der Nutzung: 3d Drucker (Details) Bitte beachte, [&hellip;]<\/p>\n","protected":false},"author":1,"featured_media":0,"parent":0,"menu_order":0,"comment_status":"closed","ping_status":"closed","template":"","meta":{"footnotes":""},"class_list":["post-644","page","type-page","status-publish","hentry"],"yoast_head":"<!-- This site is optimized with the Yoast SEO plugin v27.4 - https:\/\/yoast.com\/product\/yoast-seo-wordpress\/ -->\n<title>Maschinen - Makerspace Reinach BL<\/title>\n<meta name=\"robots\" content=\"index, follow, max-snippet:-1, max-image-preview:large, max-video-preview:-1\" \/>\n<link rel=\"canonical\" href=\"https:\/\/makerspace-reinach.ch\/index.php\/maschinen-inventar\/\" \/>\n<meta property=\"og:locale\" content=\"de_DE\" \/>\n<meta property=\"og:type\" content=\"article\" \/>\n<meta property=\"og:title\" content=\"Maschinen - Makerspace Reinach BL\" \/>\n<meta property=\"og:description\" content=\"Die meisten Werkzeuge und Maschinen sind f\u00fcr alle Mitglieder gratis zu nutzen. Einige Maschinen ben\u00f6tigen jedoch eine spezielle Wartung und wir m\u00fcssen f\u00fcr deren Nutzung einen kleinen Beitrag verlangen. Folgende Maschinen sind kostenlos f\u00fcr eine &#8222;normale&#8220; Nutzung: Metall Fr\u00e4smaschine Metall Drehbank CNC Maschine Folgende Maschinen sind kostenpflichtig in der Nutzung: 3d Drucker (Details) Bitte beachte, [&hellip;]\" \/>\n<meta property=\"og:url\" content=\"https:\/\/makerspace-reinach.ch\/index.php\/maschinen-inventar\/\" \/>\n<meta property=\"og:site_name\" content=\"Makerspace Reinach BL\" \/>\n<meta property=\"article:modified_time\" content=\"2025-09-27T09:51:43+00:00\" \/>\n<meta name=\"twitter:card\" content=\"summary_large_image\" \/>\n<meta name=\"twitter:site\" content=\"@MakerspaceRein1\" \/>\n<meta name=\"twitter:label1\" content=\"Gesch\u00e4tzte Lesezeit\" \/>\n\t<meta name=\"twitter:data1\" content=\"1\u00a0Minute\" \/>\n<script type=\"application\/ld+json\" class=\"yoast-schema-graph\">{\"@context\":\"https:\\\/\\\/schema.org\",\"@graph\":[{\"@type\":\"WebPage\",\"@id\":\"https:\\\/\\\/makerspace-reinach.ch\\\/index.php\\\/maschinen-inventar\\\/\",\"url\":\"https:\\\/\\\/makerspace-reinach.ch\\\/index.php\\\/maschinen-inventar\\\/\",\"name\":\"Maschinen - Makerspace Reinach BL\",\"isPartOf\":{\"@id\":\"https:\\\/\\\/makerspace-reinach.ch\\\/#website\"},\"datePublished\":\"2022-03-04T11:11:26+00:00\",\"dateModified\":\"2025-09-27T09:51:43+00:00\",\"breadcrumb\":{\"@id\":\"https:\\\/\\\/makerspace-reinach.ch\\\/index.php\\\/maschinen-inventar\\\/#breadcrumb\"},\"inLanguage\":\"de\",\"potentialAction\":[{\"@type\":\"ReadAction\",\"target\":[\"https:\\\/\\\/makerspace-reinach.ch\\\/index.php\\\/maschinen-inventar\\\/\"]}]},{\"@type\":\"BreadcrumbList\",\"@id\":\"https:\\\/\\\/makerspace-reinach.ch\\\/index.php\\\/maschinen-inventar\\\/#breadcrumb\",\"itemListElement\":[{\"@type\":\"ListItem\",\"position\":1,\"name\":\"Home\",\"item\":\"https:\\\/\\\/makerspace-reinach.ch\\\/\"},{\"@type\":\"ListItem\",\"position\":2,\"name\":\"Maschinen\"}]},{\"@type\":\"WebSite\",\"@id\":\"https:\\\/\\\/makerspace-reinach.ch\\\/#website\",\"url\":\"https:\\\/\\\/makerspace-reinach.ch\\\/\",\"name\":\"Makerspace Reinach BL\",\"description\":\"\",\"publisher\":{\"@id\":\"https:\\\/\\\/makerspace-reinach.ch\\\/#organization\"},\"potentialAction\":[{\"@type\":\"SearchAction\",\"target\":{\"@type\":\"EntryPoint\",\"urlTemplate\":\"https:\\\/\\\/makerspace-reinach.ch\\\/?s={search_term_string}\"},\"query-input\":{\"@type\":\"PropertyValueSpecification\",\"valueRequired\":true,\"valueName\":\"search_term_string\"}}],\"inLanguage\":\"de\"},{\"@type\":\"Organization\",\"@id\":\"https:\\\/\\\/makerspace-reinach.ch\\\/#organization\",\"name\":\"Makerspace Reinach\",\"url\":\"https:\\\/\\\/makerspace-reinach.ch\\\/\",\"logo\":{\"@type\":\"ImageObject\",\"inLanguage\":\"de\",\"@id\":\"https:\\\/\\\/makerspace-reinach.ch\\\/#\\\/schema\\\/logo\\\/image\\\/\",\"url\":\"https:\\\/\\\/makerspace-reinach.ch\\\/wp-content\\\/uploads\\\/2020\\\/11\\\/makerspace_reinach_logo_kl.png\",\"contentUrl\":\"https:\\\/\\\/makerspace-reinach.ch\\\/wp-content\\\/uploads\\\/2020\\\/11\\\/makerspace_reinach_logo_kl.png\",\"width\":300,\"height\":300,\"caption\":\"Makerspace Reinach\"},\"image\":{\"@id\":\"https:\\\/\\\/makerspace-reinach.ch\\\/#\\\/schema\\\/logo\\\/image\\\/\"},\"sameAs\":[\"https:\\\/\\\/x.com\\\/MakerspaceRein1\"]}]}<\/script>\n<!-- \/ Yoast SEO plugin. -->","yoast_head_json":{"title":"Maschinen - Makerspace Reinach BL","robots":{"index":"index","follow":"follow","max-snippet":"max-snippet:-1","max-image-preview":"max-image-preview:large","max-video-preview":"max-video-preview:-1"},"canonical":"https:\/\/makerspace-reinach.ch\/index.php\/maschinen-inventar\/","og_locale":"de_DE","og_type":"article","og_title":"Maschinen - Makerspace Reinach BL","og_description":"Die meisten Werkzeuge und Maschinen sind f\u00fcr alle Mitglieder gratis zu nutzen. Einige Maschinen ben\u00f6tigen jedoch eine spezielle Wartung und wir m\u00fcssen f\u00fcr deren Nutzung einen kleinen Beitrag verlangen. Folgende Maschinen sind kostenlos f\u00fcr eine &#8222;normale&#8220; Nutzung: Metall Fr\u00e4smaschine Metall Drehbank CNC Maschine Folgende Maschinen sind kostenpflichtig in der Nutzung: 3d Drucker (Details) Bitte beachte, [&hellip;]","og_url":"https:\/\/makerspace-reinach.ch\/index.php\/maschinen-inventar\/","og_site_name":"Makerspace Reinach BL","article_modified_time":"2025-09-27T09:51:43+00:00","twitter_card":"summary_large_image","twitter_site":"@MakerspaceRein1","twitter_misc":{"Gesch\u00e4tzte Lesezeit":"1\u00a0Minute"},"schema":{"@context":"https:\/\/schema.org","@graph":[{"@type":"WebPage","@id":"https:\/\/makerspace-reinach.ch\/index.php\/maschinen-inventar\/","url":"https:\/\/makerspace-reinach.ch\/index.php\/maschinen-inventar\/","name":"Maschinen - Makerspace Reinach BL","isPartOf":{"@id":"https:\/\/makerspace-reinach.ch\/#website"},"datePublished":"2022-03-04T11:11:26+00:00","dateModified":"2025-09-27T09:51:43+00:00","breadcrumb":{"@id":"https:\/\/makerspace-reinach.ch\/index.php\/maschinen-inventar\/#breadcrumb"},"inLanguage":"de","potentialAction":[{"@type":"ReadAction","target":["https:\/\/makerspace-reinach.ch\/index.php\/maschinen-inventar\/"]}]},{"@type":"BreadcrumbList","@id":"https:\/\/makerspace-reinach.ch\/index.php\/maschinen-inventar\/#breadcrumb","itemListElement":[{"@type":"ListItem","position":1,"name":"Home","item":"https:\/\/makerspace-reinach.ch\/"},{"@type":"ListItem","position":2,"name":"Maschinen"}]},{"@type":"WebSite","@id":"https:\/\/makerspace-reinach.ch\/#website","url":"https:\/\/makerspace-reinach.ch\/","name":"Makerspace Reinach BL","description":"","publisher":{"@id":"https:\/\/makerspace-reinach.ch\/#organization"},"potentialAction":[{"@type":"SearchAction","target":{"@type":"EntryPoint","urlTemplate":"https:\/\/makerspace-reinach.ch\/?s={search_term_string}"},"query-input":{"@type":"PropertyValueSpecification","valueRequired":true,"valueName":"search_term_string"}}],"inLanguage":"de"},{"@type":"Organization","@id":"https:\/\/makerspace-reinach.ch\/#organization","name":"Makerspace Reinach","url":"https:\/\/makerspace-reinach.ch\/","logo":{"@type":"ImageObject","inLanguage":"de","@id":"https:\/\/makerspace-reinach.ch\/#\/schema\/logo\/image\/","url":"https:\/\/makerspace-reinach.ch\/wp-content\/uploads\/2020\/11\/makerspace_reinach_logo_kl.png","contentUrl":"https:\/\/makerspace-reinach.ch\/wp-content\/uploads\/2020\/11\/makerspace_reinach_logo_kl.png","width":300,"height":300,"caption":"Makerspace Reinach"},"image":{"@id":"https:\/\/makerspace-reinach.ch\/#\/schema\/logo\/image\/"},"sameAs":["https:\/\/x.com\/MakerspaceRein1"]}]}},"_links":{"self":[{"href":"https:\/\/makerspace-reinach.ch\/index.php\/wp-json\/wp\/v2\/pages\/644","targetHints":{"allow":["GET"]}}],"collection":[{"href":"https:\/\/makerspace-reinach.ch\/index.php\/wp-json\/wp\/v2\/pages"}],"about":[{"href":"https:\/\/makerspace-reinach.ch\/index.php\/wp-json\/wp\/v2\/types\/page"}],"author":[{"embeddable":true,"href":"https:\/\/makerspace-reinach.ch\/index.php\/wp-json\/wp\/v2\/users\/1"}],"replies":[{"embeddable":true,"href":"https:\/\/makerspace-reinach.ch\/index.php\/wp-json\/wp\/v2\/comments?post=644"}],"version-history":[{"count":10,"href":"https:\/\/makerspace-reinach.ch\/index.php\/wp-json\/wp\/v2\/pages\/644\/revisions"}],"predecessor-version":[{"id":2027,"href":"https:\/\/makerspace-reinach.ch\/index.php\/wp-json\/wp\/v2\/pages\/644\/revisions\/2027"}],"wp:attachment":[{"href":"https:\/\/makerspace-reinach.ch\/index.php\/wp-json\/wp\/v2\/media?parent=644"}],"curies":[{"name":"wp","href":"https:\/\/api.w.org\/{rel}","templated":true}]}}