{"id":394,"date":"2021-08-18T21:08:58","date_gmt":"2021-08-18T21:08:58","guid":{"rendered":"https:\/\/makerspace-reinach.ch\/?page_id=394"},"modified":"2021-08-20T16:00:05","modified_gmt":"2021-08-20T16:00:05","slug":"statuten","status":"publish","type":"page","link":"https:\/\/makerspace-reinach.ch\/index.php\/statuten\/","title":{"rendered":"Statuten"},"content":{"rendered":"\n<h2 class=\"wp-block-heading\">Name und Sitz<\/h2>\n\n\n\n<p>Unter dem Namen <strong>Makerspace Reinach<\/strong> besteht ein nicht gewinnorientierter Verein gem\u00e4ss den Bestimmungen des Artikels 60 ff. des Schweizerischen Zivilgesetzbuches mit Sitz in Reinach BL. Er ist politisch und konfessionell unabh\u00e4ngig.<\/p>\n\n\n\n<h2 class=\"wp-block-heading\">Ziel und Zweck<\/h2>\n\n\n\n<p>Der Verein bezweckt den Aufbau und den Betrieb einer kreativen und digitalen Werkstatt in Reinach.<br>Die Grundidee ist ein gemeinsamer Austausch und Projekte untereinander sowie die Weitergabe von Wissen an Dritte. Der Verein verfolgt keine kommerziellen Zwecke und erstrebt keinen Gewinn. Die Organe sind ehrenamtlich t\u00e4tig.<\/p>\n\n\n\n<h2 class=\"wp-block-heading\">Mittel<\/h2>\n\n\n\n<p>Zur Verfolgung des Vereinszwecks verf\u00fcgt der Verein \u00fcber folgende Mittel:<\/p>\n\n\n\n<ul class=\"wp-block-list\"><li>Mitglieder-, Passivmitglieder- und G\u00f6nnerbeitr\u00e4ge<\/li><li>Ertr\u00e4ge aus eigenen Veranstaltungen wie Workshops, Anl\u00e4sse, etc.<\/li><li>Subventionen<\/li><li>Spenden und Zuwendungen aller Art<\/li><\/ul>\n\n\n\n<p>Die Mitgliederbeitr\u00e4ge werden j\u00e4hrlich durch die Mitgliederversammlung festgelegt.<\/p>\n\n\n\n<p>Das Gesch\u00e4ftsjahr entspricht dem Kalenderjahr.<\/p>\n\n\n\n<h2 class=\"wp-block-heading\">Mitgliederschaft<\/h2>\n\n\n\n<p>Aktivmitglieder mit Stimmrecht sind nat\u00fcrliche Personen, welche die Angebote und Einrichtungen des Vereins nutzen und den Vereinszweck unterst\u00fctzen.<\/p>\n\n\n\n<p>Passivmitglieder haben grunds\u00e4tzlich kein Stimmrecht.<\/p>\n\n\n\n<p>G\u00f6nnermitglieder mit Stimmrecht k\u00f6nnen nat\u00fcrliche oder juristische Personen sein, welche den Verein ideell und finanziell unterst\u00fctzen.<\/p>\n\n\n\n<p><\/p>\n\n\n\n<p>Aufnahmegesuche sind an den Vorstand zu richten; \u00fcber die Aufnahme entscheidet der Vorstand.<\/p>\n\n\n\n<h2 class=\"wp-block-heading\">Erl\u00f6schen der Mitgliedschaft, Austritt<\/h2>\n\n\n\n<p>Die Mitgliedschaft erlischt<\/p>\n\n\n\n<ul class=\"wp-block-list\"><li>bei nat\u00fcrlichen Personen durch Austritt, Ausschluss oder Tod.<\/li><li>bei juristischen Personen durch Austritt, Ausschluss oder Aufl\u00f6sung der juristischen Person.<\/li><\/ul>\n\n\n\n<p>Der Austritt eines Vereinsmitgliedes kann, unter Beachtung einer K\u00fcndigungsfrist von 30 Tagen, schriftlich auf das Ende des Quartals erfolgen.<\/p>\n\n\n\n<p>Mit dem Austritt eines Mitglieds erl\u00f6schen dessen Vereinsrechte sowie alle Anspr\u00fcche an das Vereinsverm\u00f6gen.<\/p>\n\n\n\n<h2 class=\"wp-block-heading\">Anspruch auf das Vereinsverm\u00f6gen<\/h2>\n\n\n\n<p>Die Vereinsmitglieder haben keinen pers\u00f6nlichen Anspruch auf das Vereinsverm\u00f6gen.<\/p>\n\n\n\n<h2 class=\"wp-block-heading\">Haftung<\/h2>\n\n\n\n<p>F\u00fcr die Verbindlichkeiten des Vereins haftet einzig das Vereinsverm\u00f6gen. Jede pers\u00f6nliche Haftung der Mitglieder f\u00fcr die Verbindlichkeiten des Vereins ist ausgeschlossen.<\/p>\n\n\n\n<h2 class=\"wp-block-heading\">Organe des Vereins<\/h2>\n\n\n\n<p>Die Organe des Vereins sind:<\/p>\n\n\n\n<ol class=\"wp-block-list\"><li>die Mitgliederversammlung<\/li><li>der Vorstand<\/li><li>die Revisionsstelle<\/li><\/ol>\n\n\n\n<h3 class=\"wp-block-heading\">Die Mitgliederversammlung<\/h3>\n\n\n\n<p>Das oberste Organ des Vereins ist die Mitgliederversammlung. Eine ordentliche Mitgliederversammlung findet j\u00e4hrlich im ersten Halbjahr statt. Zur Mitgliederversammlung werden die Mitglieder mindestens einen Monat im Voraus schriftlich unter Angabe der Traktanden eingeladen. Einladungen per E-Mail sind g\u00fcltig. Antr\u00e4ge zuhanden der Mitgliederversammlung sind bis sp\u00e4testens 2 Wochen vorher schriftlich an den Vorstand zu richten.<\/p>\n\n\n\n<p>Jedes Mitglied hat in der regul\u00e4ren Mitgliederversammlung eine Stimme. Juristische Personen \u00fcben ihr Stimmrecht durch einen ausdr\u00fccklich daf\u00fcr bezeichneten Vertreter aus.<\/p>\n\n\n\n<p>Der Vorstand oder mindestens 1\/5 der Mitglieder k\u00f6nnen jederzeit die Einberufung einer ausserordentlichen Mitgliederversammlung unter Angaben des Zwecks verlangen. Die Versammlung hat sp\u00e4testens 8 Wochen nach Eingang des Begehrens zu erfolgen.<\/p>\n\n\n\n<p>Die Mitgliederversammlung ist das oberste Organ des Vereins. Sie hat die folgenden unentziehbaren Aufgaben und Kompetenzen:<\/p>\n\n\n\n<ol class=\"wp-block-list\"><li>Genehmigung des Protokolls der letzten Mitgliederversammlung<\/li><li>Genehmigung des Jahresberichts des Vorstands<\/li><li>Entgegennahme des Revisionsberichts und Genehmigung der Jahresrechnung d.Entlastung des Vorstandese.Wahl des Pr\u00e4sidenten\/der Pr\u00e4sidentin und des \u00fcbrigen Vorstandes sowie der Revisionsstelle.<\/li><li>Festsetzung der Mitgliederbeitr\u00e4ge<\/li><li>Genehmigung des Jahresbudgets<\/li><li>Kenntnisnahme des T\u00e4tigkeitsprogramms<\/li><li>Beschlussfassung \u00fcber Antr\u00e4ge des Vorstands und der Mitglieder<\/li><li>\u00c4nderung der Statuten und der &#8222;<a href=\"https:\/\/makerspace-reinach.ch\/index.php\/werkstatt-abmachungen\/\">Werkstatt Abmachung<\/a>&#8222;<\/li><li>Beschlussfassung \u00fcber die Aufl\u00f6sung des Vereins und die Verwendung des Liquidationserl\u00f6ses<\/li><\/ol>\n\n\n\n<p>Jede ordnungsgem\u00e4ss einberufene Mitgliederversammlung ist unabh\u00e4ngig von der Anzahl der anwesenden Mitglieder beschlussf\u00e4hig. Die Mitglieder fassen die Beschl\u00fcsse mit dem einfachen Mehr. Bei Stimmengleichheit f\u00e4llt die\/der Vorsitzende den Stichentscheid.<\/p>\n\n\n\n<p>Statuten\u00e4nderungen ben\u00f6tigen die Zustimmung einer 2\/3-Mehrheit der Stimmberechtigten.<\/p>\n\n\n\n<p>\u00dcber die gefassten Beschl\u00fcsse ist zumindest ein Beschlussprotokoll zu verfassen.<\/p>\n\n\n\n<h3 class=\"wp-block-heading\">Der Vorstand<\/h3>\n\n\n\n<p>Der Vorstand besteht aus mindestens 3 Personen. Die Amtszeit betr\u00e4gt 1 Jahr. Wiederwahl ist m\u00f6glich. Der Vorstand f\u00fchrt die laufenden Gesch\u00e4fte und vertritt den Verein nach aussen.<\/p>\n\n\n\n<ul class=\"wp-block-list\"><li>Er erl\u00e4sst Reglemente wie die &#8222;<a href=\"https:\/\/makerspace-reinach.ch\/index.php\/werkstatt-abmachungen\/\">Werkstatt Abmachung<\/a>&#8222;<\/li><li>Er kann Arbeitsgruppen (Fachgruppen) einsetzen.<\/li><li>Er kann f\u00fcr die Erreichung der Vereinsziele Personen gegen eine angemessene Entsch\u00e4digung anstellen oder beauftragen.<\/li><li>Weitere Aufgaben und Kompetenzen des Vorstands<\/li><li>Der Vorstand verf\u00fcgt \u00fcber alle Kompetenzen, die nicht von Gesetzes wegen oder, gem\u00e4ss dieser Statuten, einem anderen Organ \u00fcbertragen sind.<\/li><li>Im Vorstand sind folgende Ressorts vertreten:<ul><li>Pr\u00e4sidium<\/li><li>Vizepr\u00e4sidium<\/li><li>Finanzen<\/li><li>Aktuariat<\/li><li>Werkstattverantwortung<\/li><\/ul><\/li><\/ul>\n\n\n\n<p>\u00c4mterkumulation ist m\u00f6glich. Der Vorstand organisiert sich mit Ausnahme des Pr\u00e4sidiums selber. Der Vorstand versammelt sich, sooft es die Gesch\u00e4fte verlangen. Jedes Vorstandsmitglied kann unter Angabe der Gr\u00fcnde die Einberufung einer Sitzung verlangen. Sofern kein Vorstandsmitglied m\u00fcndliche Beratung verlangt, ist die Beschlussfassung auf dem Zirkular weg (auch E-Mail) g\u00fcltig. Der Vorstand ist grunds\u00e4tzlich ehrenamtlich t\u00e4tig, er hat Anrecht auf die Verg\u00fctung der effektiven Spesen.<\/p>\n\n\n\n<h3 class=\"wp-block-heading\">Die Revisionsstelle<\/h3>\n\n\n\n<p>Die Mitgliederversammlung w\u00e4hlt 1-2 Mitglieder in die Revisionsstelle, welche die Buchf\u00fchrung kontrollieren und mindestens einmal j\u00e4hrlich eine Stichkontrolle durchf\u00fchren. Die Revisionsstelle ist nicht Teil vom Vorstand. Die Revisionsstelle erstattet dem Vorstand zuhanden der Mitgliederversammlung Bericht und Antrag. Die Amtszeit betr\u00e4gt 2 Jahre. Wiederwahl ist m\u00f6glich. Die Revisionsstelle ist grunds\u00e4tzlich ehrenamtlich t\u00e4tig, sie hat Anrecht auf die Verg\u00fctung der effektiven Spesen.<\/p>\n\n\n\n<h2 class=\"wp-block-heading\">Werkstatt Abmachungen<\/h2>\n\n\n\n<p>Um eine m\u00f6glichst gute gemeinsame Nutzung der Werkstatt zu gew\u00e4hrleisten gibt es die &#8222;<a href=\"https:\/\/makerspace-reinach.ch\/index.php\/werkstatt-abmachungen\/\">Werkstatt Abmachungen<\/a>&#8222;. Darin sind Ordnung, Sauberkeit, Sicherheit und das Verhalten in der Werkstatt geregelt. Alle Mitglieder und Besucher der Werkstatt m\u00fcssen sich an die Werkstatt Abmachungen halten. Falls Personen die &#8222;<a href=\"https:\/\/makerspace-reinach.ch\/index.php\/werkstatt-abmachungen\/\">Werkstatt Abmachung<\/a>&#8220; nicht beachten m\u00fcssen die Anwesenden Personen darauf hinweisen. Die &#8222;<a href=\"https:\/\/makerspace-reinach.ch\/index.php\/werkstatt-abmachungen\/\">Werkstatt Abmachungen<\/a>&#8220; k\u00f6nnen an der Generalversammlung oder Vorstand jeweils mit einer einfachen Mehrheit angepasst werden.<\/p>\n\n\n\n<h2 class=\"wp-block-heading\">Versicherung<\/h2>\n\n\n\n<p>Versicherung ist Sache der Mitglieder, der Werkstatt- Ben\u00fctzerinnen\/Ben\u00fctzer und der G\u00e4ste. Der Verein lehnt im Schadenfall jegliche Haftung ab.<\/p>\n\n\n\n<h2 class=\"wp-block-heading\">Aufl\u00f6sung des Vereins<\/h2>\n\n\n\n<p>Die Aufl\u00f6sung des Vereins kann durch Beschluss einer ordentlichen oder ausserordentlichen Mitgliederversammlung beschlossen und mit dem Stimmenmehr von 3\/4 der anwesenden Mitglieder aufgel\u00f6st werden. Nehmen weniger als 1\/2 aller Mitglieder an der Versammlung teil, ist innerhalb eines Monats eine zweite Versammlung abzuhalten. An dieser Versammlung kann der Verein auch dann mit einfacher Mehrheit aufgel\u00f6st werden, wenn weniger als 1\/2 der Mitglieder anwesend sind. Bei einer Aufl\u00f6sung des Vereins f\u00e4llt das Vereinsverm\u00f6gen an eine steuerbefreite Organisation, welche den gleichen oder einen \u00e4hnlichen Zweck verfolgt. Die Verteilung des Vereinsverm\u00f6gens unter den Mitgliedern ist ausgeschlossen.<\/p>\n\n\n\n<h2 class=\"wp-block-heading\">Inkrafttreten<\/h2>\n\n\n\n<p>Diese Statuten wurden an der Gr\u00fcndungsversammlung vom 17.08.2021 angenommen und sind mit diesem Datum in Kraft getreten.<\/p>\n","protected":false},"excerpt":{"rendered":"<p>Name und Sitz Unter dem Namen Makerspace Reinach besteht ein nicht gewinnorientierter Verein gem\u00e4ss den Bestimmungen des Artikels 60 ff. des Schweizerischen Zivilgesetzbuches mit Sitz in Reinach BL. Er ist politisch und konfessionell unabh\u00e4ngig. Ziel und Zweck Der Verein bezweckt den Aufbau und den Betrieb einer kreativen und digitalen Werkstatt in Reinach.Die Grundidee ist ein [&hellip;]<\/p>\n","protected":false},"author":1,"featured_media":0,"parent":0,"menu_order":0,"comment_status":"closed","ping_status":"closed","template":"","meta":{"footnotes":""},"class_list":["post-394","page","type-page","status-publish","hentry"],"yoast_head":"<!-- This site is optimized with the Yoast SEO plugin v27.4 - https:\/\/yoast.com\/product\/yoast-seo-wordpress\/ -->\n<title>Statuten - Makerspace Reinach BL<\/title>\n<meta name=\"robots\" content=\"index, follow, max-snippet:-1, max-image-preview:large, max-video-preview:-1\" \/>\n<link rel=\"canonical\" href=\"https:\/\/makerspace-reinach.ch\/index.php\/statuten\/\" \/>\n<meta property=\"og:locale\" content=\"de_DE\" \/>\n<meta property=\"og:type\" content=\"article\" \/>\n<meta property=\"og:title\" content=\"Statuten - Makerspace Reinach BL\" \/>\n<meta property=\"og:description\" content=\"Name und Sitz Unter dem Namen Makerspace Reinach besteht ein nicht gewinnorientierter Verein gem\u00e4ss den Bestimmungen des Artikels 60 ff. des Schweizerischen Zivilgesetzbuches mit Sitz in Reinach BL. Er ist politisch und konfessionell unabh\u00e4ngig. Ziel und Zweck Der Verein bezweckt den Aufbau und den Betrieb einer kreativen und digitalen Werkstatt in Reinach.Die Grundidee ist ein [&hellip;]\" \/>\n<meta property=\"og:url\" content=\"https:\/\/makerspace-reinach.ch\/index.php\/statuten\/\" \/>\n<meta property=\"og:site_name\" content=\"Makerspace Reinach BL\" \/>\n<meta property=\"article:modified_time\" content=\"2021-08-20T16:00:05+00:00\" \/>\n<meta name=\"twitter:card\" content=\"summary_large_image\" \/>\n<meta name=\"twitter:site\" content=\"@MakerspaceRein1\" \/>\n<meta name=\"twitter:label1\" content=\"Gesch\u00e4tzte Lesezeit\" \/>\n\t<meta name=\"twitter:data1\" content=\"5\u00a0Minuten\" \/>\n<script type=\"application\/ld+json\" class=\"yoast-schema-graph\">{\"@context\":\"https:\\\/\\\/schema.org\",\"@graph\":[{\"@type\":\"WebPage\",\"@id\":\"https:\\\/\\\/makerspace-reinach.ch\\\/index.php\\\/statuten\\\/\",\"url\":\"https:\\\/\\\/makerspace-reinach.ch\\\/index.php\\\/statuten\\\/\",\"name\":\"Statuten - Makerspace Reinach BL\",\"isPartOf\":{\"@id\":\"https:\\\/\\\/makerspace-reinach.ch\\\/#website\"},\"datePublished\":\"2021-08-18T21:08:58+00:00\",\"dateModified\":\"2021-08-20T16:00:05+00:00\",\"breadcrumb\":{\"@id\":\"https:\\\/\\\/makerspace-reinach.ch\\\/index.php\\\/statuten\\\/#breadcrumb\"},\"inLanguage\":\"de\",\"potentialAction\":[{\"@type\":\"ReadAction\",\"target\":[\"https:\\\/\\\/makerspace-reinach.ch\\\/index.php\\\/statuten\\\/\"]}]},{\"@type\":\"BreadcrumbList\",\"@id\":\"https:\\\/\\\/makerspace-reinach.ch\\\/index.php\\\/statuten\\\/#breadcrumb\",\"itemListElement\":[{\"@type\":\"ListItem\",\"position\":1,\"name\":\"Home\",\"item\":\"https:\\\/\\\/makerspace-reinach.ch\\\/\"},{\"@type\":\"ListItem\",\"position\":2,\"name\":\"Statuten\"}]},{\"@type\":\"WebSite\",\"@id\":\"https:\\\/\\\/makerspace-reinach.ch\\\/#website\",\"url\":\"https:\\\/\\\/makerspace-reinach.ch\\\/\",\"name\":\"Makerspace Reinach BL\",\"description\":\"\",\"publisher\":{\"@id\":\"https:\\\/\\\/makerspace-reinach.ch\\\/#organization\"},\"potentialAction\":[{\"@type\":\"SearchAction\",\"target\":{\"@type\":\"EntryPoint\",\"urlTemplate\":\"https:\\\/\\\/makerspace-reinach.ch\\\/?s={search_term_string}\"},\"query-input\":{\"@type\":\"PropertyValueSpecification\",\"valueRequired\":true,\"valueName\":\"search_term_string\"}}],\"inLanguage\":\"de\"},{\"@type\":\"Organization\",\"@id\":\"https:\\\/\\\/makerspace-reinach.ch\\\/#organization\",\"name\":\"Makerspace Reinach\",\"url\":\"https:\\\/\\\/makerspace-reinach.ch\\\/\",\"logo\":{\"@type\":\"ImageObject\",\"inLanguage\":\"de\",\"@id\":\"https:\\\/\\\/makerspace-reinach.ch\\\/#\\\/schema\\\/logo\\\/image\\\/\",\"url\":\"https:\\\/\\\/makerspace-reinach.ch\\\/wp-content\\\/uploads\\\/2020\\\/11\\\/makerspace_reinach_logo_kl.png\",\"contentUrl\":\"https:\\\/\\\/makerspace-reinach.ch\\\/wp-content\\\/uploads\\\/2020\\\/11\\\/makerspace_reinach_logo_kl.png\",\"width\":300,\"height\":300,\"caption\":\"Makerspace Reinach\"},\"image\":{\"@id\":\"https:\\\/\\\/makerspace-reinach.ch\\\/#\\\/schema\\\/logo\\\/image\\\/\"},\"sameAs\":[\"https:\\\/\\\/x.com\\\/MakerspaceRein1\"]}]}<\/script>\n<!-- \/ Yoast SEO plugin. -->","yoast_head_json":{"title":"Statuten - Makerspace Reinach BL","robots":{"index":"index","follow":"follow","max-snippet":"max-snippet:-1","max-image-preview":"max-image-preview:large","max-video-preview":"max-video-preview:-1"},"canonical":"https:\/\/makerspace-reinach.ch\/index.php\/statuten\/","og_locale":"de_DE","og_type":"article","og_title":"Statuten - Makerspace Reinach BL","og_description":"Name und Sitz Unter dem Namen Makerspace Reinach besteht ein nicht gewinnorientierter Verein gem\u00e4ss den Bestimmungen des Artikels 60 ff. des Schweizerischen Zivilgesetzbuches mit Sitz in Reinach BL. Er ist politisch und konfessionell unabh\u00e4ngig. Ziel und Zweck Der Verein bezweckt den Aufbau und den Betrieb einer kreativen und digitalen Werkstatt in Reinach.Die Grundidee ist ein [&hellip;]","og_url":"https:\/\/makerspace-reinach.ch\/index.php\/statuten\/","og_site_name":"Makerspace Reinach BL","article_modified_time":"2021-08-20T16:00:05+00:00","twitter_card":"summary_large_image","twitter_site":"@MakerspaceRein1","twitter_misc":{"Gesch\u00e4tzte Lesezeit":"5\u00a0Minuten"},"schema":{"@context":"https:\/\/schema.org","@graph":[{"@type":"WebPage","@id":"https:\/\/makerspace-reinach.ch\/index.php\/statuten\/","url":"https:\/\/makerspace-reinach.ch\/index.php\/statuten\/","name":"Statuten - Makerspace Reinach BL","isPartOf":{"@id":"https:\/\/makerspace-reinach.ch\/#website"},"datePublished":"2021-08-18T21:08:58+00:00","dateModified":"2021-08-20T16:00:05+00:00","breadcrumb":{"@id":"https:\/\/makerspace-reinach.ch\/index.php\/statuten\/#breadcrumb"},"inLanguage":"de","potentialAction":[{"@type":"ReadAction","target":["https:\/\/makerspace-reinach.ch\/index.php\/statuten\/"]}]},{"@type":"BreadcrumbList","@id":"https:\/\/makerspace-reinach.ch\/index.php\/statuten\/#breadcrumb","itemListElement":[{"@type":"ListItem","position":1,"name":"Home","item":"https:\/\/makerspace-reinach.ch\/"},{"@type":"ListItem","position":2,"name":"Statuten"}]},{"@type":"WebSite","@id":"https:\/\/makerspace-reinach.ch\/#website","url":"https:\/\/makerspace-reinach.ch\/","name":"Makerspace Reinach BL","description":"","publisher":{"@id":"https:\/\/makerspace-reinach.ch\/#organization"},"potentialAction":[{"@type":"SearchAction","target":{"@type":"EntryPoint","urlTemplate":"https:\/\/makerspace-reinach.ch\/?s={search_term_string}"},"query-input":{"@type":"PropertyValueSpecification","valueRequired":true,"valueName":"search_term_string"}}],"inLanguage":"de"},{"@type":"Organization","@id":"https:\/\/makerspace-reinach.ch\/#organization","name":"Makerspace Reinach","url":"https:\/\/makerspace-reinach.ch\/","logo":{"@type":"ImageObject","inLanguage":"de","@id":"https:\/\/makerspace-reinach.ch\/#\/schema\/logo\/image\/","url":"https:\/\/makerspace-reinach.ch\/wp-content\/uploads\/2020\/11\/makerspace_reinach_logo_kl.png","contentUrl":"https:\/\/makerspace-reinach.ch\/wp-content\/uploads\/2020\/11\/makerspace_reinach_logo_kl.png","width":300,"height":300,"caption":"Makerspace Reinach"},"image":{"@id":"https:\/\/makerspace-reinach.ch\/#\/schema\/logo\/image\/"},"sameAs":["https:\/\/x.com\/MakerspaceRein1"]}]}},"_links":{"self":[{"href":"https:\/\/makerspace-reinach.ch\/index.php\/wp-json\/wp\/v2\/pages\/394","targetHints":{"allow":["GET"]}}],"collection":[{"href":"https:\/\/makerspace-reinach.ch\/index.php\/wp-json\/wp\/v2\/pages"}],"about":[{"href":"https:\/\/makerspace-reinach.ch\/index.php\/wp-json\/wp\/v2\/types\/page"}],"author":[{"embeddable":true,"href":"https:\/\/makerspace-reinach.ch\/index.php\/wp-json\/wp\/v2\/users\/1"}],"replies":[{"embeddable":true,"href":"https:\/\/makerspace-reinach.ch\/index.php\/wp-json\/wp\/v2\/comments?post=394"}],"version-history":[{"count":3,"href":"https:\/\/makerspace-reinach.ch\/index.php\/wp-json\/wp\/v2\/pages\/394\/revisions"}],"predecessor-version":[{"id":400,"href":"https:\/\/makerspace-reinach.ch\/index.php\/wp-json\/wp\/v2\/pages\/394\/revisions\/400"}],"wp:attachment":[{"href":"https:\/\/makerspace-reinach.ch\/index.php\/wp-json\/wp\/v2\/media?parent=394"}],"curies":[{"name":"wp","href":"https:\/\/api.w.org\/{rel}","templated":true}]}}