{"id":301,"date":"2021-07-30T10:25:06","date_gmt":"2021-07-30T10:25:06","guid":{"rendered":"https:\/\/makerspace-reinach.ch\/?page_id=301"},"modified":"2025-04-17T18:14:08","modified_gmt":"2025-04-17T18:14:08","slug":"lokal","status":"publish","type":"page","link":"https:\/\/makerspace-reinach.ch\/index.php\/lokal\/","title":{"rendered":"Lokal \/ Werkstatt"},"content":{"rendered":"\n<p>Willst Du wissen wie unser Lokal aussieht, hier ein paar Bilder \u00fcber den <a href=\"https:\/\/makerspace-reinach.ch\/index.php\/category\/lokal\/\">aktuellen Stand.<\/a> <\/p>\n\n\n\n<p>Unter diesem Link findest Du unsere <a href=\"https:\/\/makerspace-reinach.ch\/index.php\/category\/inventar\/\">Werkstatt Austattung.<\/a><\/p>\n\n\n\n<p>F\u00fcr wenige Maschinen ist ein Beitrag zu entrichten, diese Preise findest du <a href=\"https:\/\/makerspace-reinach.ch\/index.php\/maschinen-inventar\/\">hier<\/a>.<\/p>\n\n\n\n<p>Du findest unser Lokal im Leimgruberhaus: <a href=\"https:\/\/www.openstreetmap.org\/way\/153784327\" target=\"_blank\" rel=\"noreferrer noopener\">Schulgasse 1, 4153 Reinach<\/a><\/p>\n\n\n\n<figure class=\"wp-block-image size-large\"><img loading=\"lazy\" decoding=\"async\" width=\"1024\" height=\"680\" src=\"https:\/\/makerspace-reinach.ch\/wp-content\/uploads\/2022\/10\/Treffpunkt-1-1024x680.jpg\" alt=\"\" class=\"wp-image-894\" srcset=\"https:\/\/makerspace-reinach.ch\/wp-content\/uploads\/2022\/10\/Treffpunkt-1-1024x680.jpg 1024w, https:\/\/makerspace-reinach.ch\/wp-content\/uploads\/2022\/10\/Treffpunkt-1-300x199.jpg 300w, https:\/\/makerspace-reinach.ch\/wp-content\/uploads\/2022\/10\/Treffpunkt-1-768x510.jpg 768w, https:\/\/makerspace-reinach.ch\/wp-content\/uploads\/2022\/10\/Treffpunkt-1-1536x1020.jpg 1536w, https:\/\/makerspace-reinach.ch\/wp-content\/uploads\/2022\/10\/Treffpunkt-1-1200x797.jpg 1200w, https:\/\/makerspace-reinach.ch\/wp-content\/uploads\/2022\/10\/Treffpunkt-1.jpg 1920w\" sizes=\"auto, (max-width: 1024px) 100vw, 1024px\" \/><\/figure>\n\n\n\n<p>Wir haben eine Werkstatt im Keller und ein B\u00fcro im 2. Stock.<\/p>\n\n\n\n<p>Am besten bei &#8222;Makerspace&#8220; und &#8222;Werkraum&#8220; klingeln.<\/p>\n\n\n\n<figure class=\"wp-block-image size-full is-resized\"><img loading=\"lazy\" decoding=\"async\" width=\"482\" height=\"501\" src=\"https:\/\/makerspace-reinach.ch\/wp-content\/uploads\/2024\/01\/Klingel-edited.png\" alt=\"\" class=\"wp-image-1319\" style=\"width:452px;height:auto\" srcset=\"https:\/\/makerspace-reinach.ch\/wp-content\/uploads\/2024\/01\/Klingel-edited.png 482w, https:\/\/makerspace-reinach.ch\/wp-content\/uploads\/2024\/01\/Klingel-edited-289x300.png 289w\" sizes=\"auto, (max-width: 482px) 100vw, 482px\" \/><\/figure>\n\n\n\n<p>GPS Position: <a href=\"https:\/\/www.openstreetmap.org\/#map=19\/47.49379\/7.59045\" target=\"_blank\" rel=\"noreferrer noopener\">47.49379 7.59045<\/a><\/p>\n\n\n\n<p><a href=\"https:\/\/makerspace-reinach.ch\/index.php\/lokal-verkehr-parkmoeglichkeiten\/\">Verkehr Parkm\u00f6glichkeiten<\/a><\/p>\n\n\n\t\t<div\n            id=\"wpmapblock_aaba3887\"\n            data-settings='{&quot;map_marker&quot;:[{&quot;lat&quot;:&quot;47.493838270798&quot;,&quot;lng&quot;:&quot;7.5904959440231&quot;,&quot;title&quot;:&quot;Makerspace Reinach&quot;,&quot;content&quot;:&quot;&quot;,&quot;iconType&quot;:&quot;default&quot;,&quot;customIconUrl&quot;:&quot;https:\\\/\\\/makerspace-reinach.ch\\\/wp-content\\\/uploads\\\/2020\\\/11\\\/makerspace_reinach_logo_kl.png&quot;,&quot;customIconWidth&quot;:&quot;46&quot;,&quot;customIconHeight&quot;:&quot;40&quot;}],&quot;map_zoom&quot;:10,&quot;scroll_wheel_zoom&quot;:false,&quot;map_type&quot;:&quot;OSM&quot;,&quot;center_index&quot;:0}'\n            class=\"wpmapblockrender\"\n            style=\"\n\t\t\twidth: 100%;\n\t\t\theight: 500px;\n\t\t\"\n            >\n        <\/div>\n        \n\n\n<p>Quelle: <a href=\"http:\/\/openstreetmap.org\/\">openstreetmap.org<\/a><\/p>\n\n\n\n<p>Bitte melde dich mit dem <a href=\"https:\/\/makerspace-reinach.ch\/index.php\/makerspace-reinach-kontakt\/\">Kontaktformular <\/a>vor einem <br>Besuch an.<\/p>\n\n\n\n<p>Hier die letzten Beitr\u00e4ge \u00fcber unser Lokal:<\/p>\n\n\n<ul class=\"wp-block-latest-posts__list is-grid columns-3 aligncenter wp-block-latest-posts\"><li><a class=\"wp-block-latest-posts__post-title\" href=\"https:\/\/makerspace-reinach.ch\/index.php\/2025\/09\/27\/holzwerkstatt\/\">Holzwerkstatt<\/a><div class=\"wp-block-latest-posts__post-excerpt\">Die Holzwerkstatt konnte dank tatkr\u00e4ftiger Unterst\u00fctzung mehrer Mitglieder optimiert werden.<\/div><\/li>\n<li><div class=\"wp-block-latest-posts__featured-image\"><img loading=\"lazy\" decoding=\"async\" width=\"150\" height=\"150\" src=\"https:\/\/makerspace-reinach.ch\/wp-content\/uploads\/2025\/04\/Digitales-Messystem-Fraese-e1758965359952-150x150.jpeg\" class=\"attachment-thumbnail size-thumbnail wp-post-image\" alt=\"\" style=\"\" \/><\/div><a class=\"wp-block-latest-posts__post-title\" href=\"https:\/\/makerspace-reinach.ch\/index.php\/2025\/09\/27\/metall-fraesmaschine\/\">Metall Fr\u00e4smaschine<\/a><div class=\"wp-block-latest-posts__post-excerpt\">Unsere Optimum Optimill wurde mit einer digitalen Anzeige ausger\u00fcstet uns steht ab sofort f\u00fcr Fr\u00e4sarbeiten zur Vergf\u00fcgung.<\/div><\/li>\n<li><div class=\"wp-block-latest-posts__featured-image\"><img loading=\"lazy\" decoding=\"async\" width=\"150\" height=\"150\" src=\"https:\/\/makerspace-reinach.ch\/wp-content\/uploads\/2025\/09\/IMG_20250927_173653-150x150.jpg\" class=\"attachment-thumbnail size-thumbnail wp-post-image\" alt=\"\" style=\"\" \/><\/div><a class=\"wp-block-latest-posts__post-title\" href=\"https:\/\/makerspace-reinach.ch\/index.php\/2025\/09\/27\/cnc-maschine\/\">CNC Maschine<\/a><div class=\"wp-block-latest-posts__post-excerpt\">Der Aufbau der CNC Maschine geht gut voran. Die Bodenplatte f\u00fcr den Stauraum und die tollen Schubladen wurden auf Mass hergestellt und passen perfekt. Die Opferplatte wurde abgefr\u00e4st und wird noch mit Halterungen versehen. Die Software ist auch schon bereit. Wir haben eine Makerspace Version vom VCarve Pro. Damit k\u00f6nnen alle Mitglieder vom Makerspace ihre\u2026\u00a0<a class=\"wp-block-latest-posts__read-more\" href=\"https:\/\/makerspace-reinach.ch\/index.php\/2025\/09\/27\/cnc-maschine\/\" rel=\"noopener noreferrer\"><span class=\"screen-reader-text\">CNC Maschine <\/span>weiterlesen<\/a><\/div><\/li>\n<li><div class=\"wp-block-latest-posts__featured-image\"><img loading=\"lazy\" decoding=\"async\" width=\"150\" height=\"150\" src=\"https:\/\/makerspace-reinach.ch\/wp-content\/uploads\/2024\/07\/grafik-1-150x150.png\" class=\"attachment-thumbnail size-thumbnail wp-post-image\" alt=\"\" style=\"\" \/><\/div><a class=\"wp-block-latest-posts__post-title\" href=\"https:\/\/makerspace-reinach.ch\/index.php\/2024\/07\/28\/lora-gateway-einsatzbereit\/\">Lora Gateway einsatzbereit<\/a><div class=\"wp-block-latest-posts__post-excerpt\">Unser Lora Gateway ist ab sofort wieder in Betrieb. Er leitet die Lora Nachrichten \u00fcber das Things Network zuverl\u00e4ssig weiter. Hier Informationen zum &#8222;The Things Network&#8220;: https:\/\/www.thethingsnetwork.org\/ Unser Gateway: https:\/\/www.thethingsnetwork.org\/map Hier der Link auf der Website ttnmapper zur Pr\u00fcfung der Reichweite. LINK<\/div><\/li>\n<li><div class=\"wp-block-latest-posts__featured-image\"><img loading=\"lazy\" decoding=\"async\" width=\"150\" height=\"150\" src=\"https:\/\/makerspace-reinach.ch\/wp-content\/uploads\/2024\/03\/20240126_231354-150x150.jpg\" class=\"attachment-thumbnail size-thumbnail wp-post-image\" alt=\"\" style=\"\" \/><\/div><a class=\"wp-block-latest-posts__post-title\" href=\"https:\/\/makerspace-reinach.ch\/index.php\/2024\/03\/10\/werkstatt-einrichtung-nimmt-gestalt-an\/\">Elektronik Werkstatt im 2. Stock nimmt Gestalt an<\/a><div class=\"wp-block-latest-posts__post-excerpt\">Nach dem Aufr\u00e4umen kommt das Einrichten. Hier ein paar Eindr\u00fccke der Arbeitspl\u00e4tze. Es steht ein sehr gute normale Lupe und eine Kamera Lupe zur Verf\u00fcgung.<\/div><\/li>\n<\/ul>","protected":false},"excerpt":{"rendered":"<p>Willst Du wissen wie unser Lokal aussieht, hier ein paar Bilder \u00fcber den aktuellen Stand. Unter diesem Link findest Du unsere Werkstatt Austattung. F\u00fcr wenige Maschinen ist ein Beitrag zu entrichten, diese Preise findest du hier. Du findest unser Lokal im Leimgruberhaus: Schulgasse 1, 4153 Reinach Wir haben eine Werkstatt im Keller und ein B\u00fcro [&hellip;]<\/p>\n","protected":false},"author":1,"featured_media":0,"parent":0,"menu_order":0,"comment_status":"closed","ping_status":"closed","template":"","meta":{"footnotes":""},"class_list":["post-301","page","type-page","status-publish","hentry"],"yoast_head":"<!-- This site is optimized with the Yoast SEO plugin v27.4 - https:\/\/yoast.com\/product\/yoast-seo-wordpress\/ -->\n<title>Lokal \/ Werkstatt - Makerspace Reinach BL<\/title>\n<meta name=\"robots\" content=\"index, follow, max-snippet:-1, max-image-preview:large, max-video-preview:-1\" \/>\n<link rel=\"canonical\" href=\"https:\/\/makerspace-reinach.ch\/index.php\/lokal\/\" \/>\n<meta property=\"og:locale\" content=\"de_DE\" \/>\n<meta property=\"og:type\" content=\"article\" \/>\n<meta property=\"og:title\" content=\"Lokal \/ Werkstatt - Makerspace Reinach BL\" \/>\n<meta property=\"og:description\" content=\"Willst Du wissen wie unser Lokal aussieht, hier ein paar Bilder \u00fcber den aktuellen Stand. Unter diesem Link findest Du unsere Werkstatt Austattung. F\u00fcr wenige Maschinen ist ein Beitrag zu entrichten, diese Preise findest du hier. Du findest unser Lokal im Leimgruberhaus: Schulgasse 1, 4153 Reinach Wir haben eine Werkstatt im Keller und ein B\u00fcro [&hellip;]\" \/>\n<meta property=\"og:url\" content=\"https:\/\/makerspace-reinach.ch\/index.php\/lokal\/\" \/>\n<meta property=\"og:site_name\" content=\"Makerspace Reinach BL\" \/>\n<meta property=\"article:modified_time\" content=\"2025-04-17T18:14:08+00:00\" \/>\n<meta property=\"og:image\" content=\"https:\/\/makerspace-reinach.ch\/wp-content\/uploads\/2022\/10\/Treffpunkt-1.jpg\" \/>\n\t<meta property=\"og:image:width\" content=\"1920\" \/>\n\t<meta property=\"og:image:height\" content=\"1275\" \/>\n\t<meta property=\"og:image:type\" content=\"image\/jpeg\" \/>\n<meta name=\"twitter:card\" content=\"summary_large_image\" \/>\n<meta name=\"twitter:site\" content=\"@MakerspaceRein1\" \/>\n<meta name=\"twitter:label1\" content=\"Gesch\u00e4tzte Lesezeit\" \/>\n\t<meta name=\"twitter:data1\" content=\"1\u00a0Minute\" \/>\n<script type=\"application\/ld+json\" class=\"yoast-schema-graph\">{\"@context\":\"https:\\\/\\\/schema.org\",\"@graph\":[{\"@type\":\"WebPage\",\"@id\":\"https:\\\/\\\/makerspace-reinach.ch\\\/index.php\\\/lokal\\\/\",\"url\":\"https:\\\/\\\/makerspace-reinach.ch\\\/index.php\\\/lokal\\\/\",\"name\":\"Lokal \\\/ Werkstatt - Makerspace Reinach BL\",\"isPartOf\":{\"@id\":\"https:\\\/\\\/makerspace-reinach.ch\\\/#website\"},\"primaryImageOfPage\":{\"@id\":\"https:\\\/\\\/makerspace-reinach.ch\\\/index.php\\\/lokal\\\/#primaryimage\"},\"image\":{\"@id\":\"https:\\\/\\\/makerspace-reinach.ch\\\/index.php\\\/lokal\\\/#primaryimage\"},\"thumbnailUrl\":\"https:\\\/\\\/makerspace-reinach.ch\\\/wp-content\\\/uploads\\\/2022\\\/10\\\/Treffpunkt-1-1024x680.jpg\",\"datePublished\":\"2021-07-30T10:25:06+00:00\",\"dateModified\":\"2025-04-17T18:14:08+00:00\",\"breadcrumb\":{\"@id\":\"https:\\\/\\\/makerspace-reinach.ch\\\/index.php\\\/lokal\\\/#breadcrumb\"},\"inLanguage\":\"de\",\"potentialAction\":[{\"@type\":\"ReadAction\",\"target\":[\"https:\\\/\\\/makerspace-reinach.ch\\\/index.php\\\/lokal\\\/\"]}]},{\"@type\":\"ImageObject\",\"inLanguage\":\"de\",\"@id\":\"https:\\\/\\\/makerspace-reinach.ch\\\/index.php\\\/lokal\\\/#primaryimage\",\"url\":\"https:\\\/\\\/makerspace-reinach.ch\\\/wp-content\\\/uploads\\\/2022\\\/10\\\/Treffpunkt-1.jpg\",\"contentUrl\":\"https:\\\/\\\/makerspace-reinach.ch\\\/wp-content\\\/uploads\\\/2022\\\/10\\\/Treffpunkt-1.jpg\",\"width\":1920,\"height\":1275},{\"@type\":\"BreadcrumbList\",\"@id\":\"https:\\\/\\\/makerspace-reinach.ch\\\/index.php\\\/lokal\\\/#breadcrumb\",\"itemListElement\":[{\"@type\":\"ListItem\",\"position\":1,\"name\":\"Home\",\"item\":\"https:\\\/\\\/makerspace-reinach.ch\\\/\"},{\"@type\":\"ListItem\",\"position\":2,\"name\":\"Lokal \\\/ Werkstatt\"}]},{\"@type\":\"WebSite\",\"@id\":\"https:\\\/\\\/makerspace-reinach.ch\\\/#website\",\"url\":\"https:\\\/\\\/makerspace-reinach.ch\\\/\",\"name\":\"Makerspace Reinach BL\",\"description\":\"\",\"publisher\":{\"@id\":\"https:\\\/\\\/makerspace-reinach.ch\\\/#organization\"},\"potentialAction\":[{\"@type\":\"SearchAction\",\"target\":{\"@type\":\"EntryPoint\",\"urlTemplate\":\"https:\\\/\\\/makerspace-reinach.ch\\\/?s={search_term_string}\"},\"query-input\":{\"@type\":\"PropertyValueSpecification\",\"valueRequired\":true,\"valueName\":\"search_term_string\"}}],\"inLanguage\":\"de\"},{\"@type\":\"Organization\",\"@id\":\"https:\\\/\\\/makerspace-reinach.ch\\\/#organization\",\"name\":\"Makerspace Reinach\",\"url\":\"https:\\\/\\\/makerspace-reinach.ch\\\/\",\"logo\":{\"@type\":\"ImageObject\",\"inLanguage\":\"de\",\"@id\":\"https:\\\/\\\/makerspace-reinach.ch\\\/#\\\/schema\\\/logo\\\/image\\\/\",\"url\":\"https:\\\/\\\/makerspace-reinach.ch\\\/wp-content\\\/uploads\\\/2020\\\/11\\\/makerspace_reinach_logo_kl.png\",\"contentUrl\":\"https:\\\/\\\/makerspace-reinach.ch\\\/wp-content\\\/uploads\\\/2020\\\/11\\\/makerspace_reinach_logo_kl.png\",\"width\":300,\"height\":300,\"caption\":\"Makerspace Reinach\"},\"image\":{\"@id\":\"https:\\\/\\\/makerspace-reinach.ch\\\/#\\\/schema\\\/logo\\\/image\\\/\"},\"sameAs\":[\"https:\\\/\\\/x.com\\\/MakerspaceRein1\"]}]}<\/script>\n<!-- \/ Yoast SEO plugin. -->","yoast_head_json":{"title":"Lokal \/ Werkstatt - Makerspace Reinach BL","robots":{"index":"index","follow":"follow","max-snippet":"max-snippet:-1","max-image-preview":"max-image-preview:large","max-video-preview":"max-video-preview:-1"},"canonical":"https:\/\/makerspace-reinach.ch\/index.php\/lokal\/","og_locale":"de_DE","og_type":"article","og_title":"Lokal \/ Werkstatt - Makerspace Reinach BL","og_description":"Willst Du wissen wie unser Lokal aussieht, hier ein paar Bilder \u00fcber den aktuellen Stand. Unter diesem Link findest Du unsere Werkstatt Austattung. F\u00fcr wenige Maschinen ist ein Beitrag zu entrichten, diese Preise findest du hier. Du findest unser Lokal im Leimgruberhaus: Schulgasse 1, 4153 Reinach Wir haben eine Werkstatt im Keller und ein B\u00fcro [&hellip;]","og_url":"https:\/\/makerspace-reinach.ch\/index.php\/lokal\/","og_site_name":"Makerspace Reinach BL","article_modified_time":"2025-04-17T18:14:08+00:00","og_image":[{"width":1920,"height":1275,"url":"https:\/\/makerspace-reinach.ch\/wp-content\/uploads\/2022\/10\/Treffpunkt-1.jpg","type":"image\/jpeg"}],"twitter_card":"summary_large_image","twitter_site":"@MakerspaceRein1","twitter_misc":{"Gesch\u00e4tzte Lesezeit":"1\u00a0Minute"},"schema":{"@context":"https:\/\/schema.org","@graph":[{"@type":"WebPage","@id":"https:\/\/makerspace-reinach.ch\/index.php\/lokal\/","url":"https:\/\/makerspace-reinach.ch\/index.php\/lokal\/","name":"Lokal \/ Werkstatt - Makerspace Reinach BL","isPartOf":{"@id":"https:\/\/makerspace-reinach.ch\/#website"},"primaryImageOfPage":{"@id":"https:\/\/makerspace-reinach.ch\/index.php\/lokal\/#primaryimage"},"image":{"@id":"https:\/\/makerspace-reinach.ch\/index.php\/lokal\/#primaryimage"},"thumbnailUrl":"https:\/\/makerspace-reinach.ch\/wp-content\/uploads\/2022\/10\/Treffpunkt-1-1024x680.jpg","datePublished":"2021-07-30T10:25:06+00:00","dateModified":"2025-04-17T18:14:08+00:00","breadcrumb":{"@id":"https:\/\/makerspace-reinach.ch\/index.php\/lokal\/#breadcrumb"},"inLanguage":"de","potentialAction":[{"@type":"ReadAction","target":["https:\/\/makerspace-reinach.ch\/index.php\/lokal\/"]}]},{"@type":"ImageObject","inLanguage":"de","@id":"https:\/\/makerspace-reinach.ch\/index.php\/lokal\/#primaryimage","url":"https:\/\/makerspace-reinach.ch\/wp-content\/uploads\/2022\/10\/Treffpunkt-1.jpg","contentUrl":"https:\/\/makerspace-reinach.ch\/wp-content\/uploads\/2022\/10\/Treffpunkt-1.jpg","width":1920,"height":1275},{"@type":"BreadcrumbList","@id":"https:\/\/makerspace-reinach.ch\/index.php\/lokal\/#breadcrumb","itemListElement":[{"@type":"ListItem","position":1,"name":"Home","item":"https:\/\/makerspace-reinach.ch\/"},{"@type":"ListItem","position":2,"name":"Lokal \/ Werkstatt"}]},{"@type":"WebSite","@id":"https:\/\/makerspace-reinach.ch\/#website","url":"https:\/\/makerspace-reinach.ch\/","name":"Makerspace Reinach BL","description":"","publisher":{"@id":"https:\/\/makerspace-reinach.ch\/#organization"},"potentialAction":[{"@type":"SearchAction","target":{"@type":"EntryPoint","urlTemplate":"https:\/\/makerspace-reinach.ch\/?s={search_term_string}"},"query-input":{"@type":"PropertyValueSpecification","valueRequired":true,"valueName":"search_term_string"}}],"inLanguage":"de"},{"@type":"Organization","@id":"https:\/\/makerspace-reinach.ch\/#organization","name":"Makerspace Reinach","url":"https:\/\/makerspace-reinach.ch\/","logo":{"@type":"ImageObject","inLanguage":"de","@id":"https:\/\/makerspace-reinach.ch\/#\/schema\/logo\/image\/","url":"https:\/\/makerspace-reinach.ch\/wp-content\/uploads\/2020\/11\/makerspace_reinach_logo_kl.png","contentUrl":"https:\/\/makerspace-reinach.ch\/wp-content\/uploads\/2020\/11\/makerspace_reinach_logo_kl.png","width":300,"height":300,"caption":"Makerspace Reinach"},"image":{"@id":"https:\/\/makerspace-reinach.ch\/#\/schema\/logo\/image\/"},"sameAs":["https:\/\/x.com\/MakerspaceRein1"]}]}},"_links":{"self":[{"href":"https:\/\/makerspace-reinach.ch\/index.php\/wp-json\/wp\/v2\/pages\/301","targetHints":{"allow":["GET"]}}],"collection":[{"href":"https:\/\/makerspace-reinach.ch\/index.php\/wp-json\/wp\/v2\/pages"}],"about":[{"href":"https:\/\/makerspace-reinach.ch\/index.php\/wp-json\/wp\/v2\/types\/page"}],"author":[{"embeddable":true,"href":"https:\/\/makerspace-reinach.ch\/index.php\/wp-json\/wp\/v2\/users\/1"}],"replies":[{"embeddable":true,"href":"https:\/\/makerspace-reinach.ch\/index.php\/wp-json\/wp\/v2\/comments?post=301"}],"version-history":[{"count":22,"href":"https:\/\/makerspace-reinach.ch\/index.php\/wp-json\/wp\/v2\/pages\/301\/revisions"}],"predecessor-version":[{"id":1786,"href":"https:\/\/makerspace-reinach.ch\/index.php\/wp-json\/wp\/v2\/pages\/301\/revisions\/1786"}],"wp:attachment":[{"href":"https:\/\/makerspace-reinach.ch\/index.php\/wp-json\/wp\/v2\/media?parent=301"}],"curies":[{"name":"wp","href":"https:\/\/api.w.org\/{rel}","templated":true}]}}